{"id":3,"date":"2023-08-22T12:25:14","date_gmt":"2023-08-22T10:25:14","guid":{"rendered":"https:\/\/rababcreation.com\/?page_id=3"},"modified":"2023-11-11T14:58:16","modified_gmt":"2023-11-11T13:58:16","slug":"politique-de-confidentialite","status":"publish","type":"page","link":"https:\/\/rababcreation.com\/index.php\/politique-de-confidentialite\/","title":{"rendered":"Politique de confidentialit\u00e9"},"content":{"rendered":"\n<h1 class=\"wp-block-heading\"><strong>Pr\u00e9ambule :<\/strong><\/h1>\n\n\n\n<p>Auto entreprise Rababcreation, SIREN 947567269 si\u00e9ge social : 2 rue d&rsquo;agen 44800 saint herblain, s\u2019engage \u00e0 se conformer \u00e0 la l\u00e9gislation en vigueur en France (Loi n\u1d52 78-17 du 6 janvier 1978 \u00ab\u00a0<em>Informatique et Libert\u00e9s<\/em>\u00a0\u00bb) et en Europe (R\u00e8glement 2016\/679 du 27 avril 2016 \u00ab\u00a0<em>RGPD<\/em>\u00a0\u00bb), \u00e0 assurer la protection, la confidentialit\u00e9 et la s\u00e9curit\u00e9 des donn\u00e9es \u00e0 caract\u00e8re personnel, ainsi qu\u2019\u00e0 assurer le respect de la vie priv\u00e9e de ses clients et de tous les visiteurs de sa plateforme.<\/p>\n\n\n\n<p>La pr\u00e9sente Politique de confidentialit\u00e9 (ci-apr\u00e8s \u00ab\u00a0la Politique\u00a0\u00bb) d\u00e9crit la mani\u00e8re dont RABABCREATION\u00a0collecte et traite les Donn\u00e9es \u00e0 caract\u00e8re personnel des personnes naviguant sur son site web ou passant une commande aupr\u00e8s d\u2019elle.<\/p>\n\n\n\n<p>La Politique pr\u00e9cise \u00e9galement les bases l\u00e9gales sur RABABCREATION\u00a0s\u2019appuie pour traiter les Donn\u00e9es \u00e0 caract\u00e8re personnel et fixer leurs dur\u00e9es de conservation.\u00a0<\/p>\n\n\n\n<p>En tout \u00e9tat de cause, RABABCREATION s\u2019engage \u00e0 respecter les principes suivants :<br><strong>Vos donn\u00e9es sont utilis\u00e9es uniquement pour des finalit\u00e9s explicites, l\u00e9gitimes et d\u00e9termin\u00e9es en lien avec les diff\u00e9rentes fonctionnalit\u00e9s propos\u00e9es sur le Site, pour passer commandes des produits qui y sont r\u00e9f\u00e9renc\u00e9s\u00a0;<\/strong><br><strong>Seules les Donn\u00e9es \u00e0 caract\u00e8re personnel qui sont utiles \u00e0 ces fins sont collect\u00e9es et trait\u00e9es par RABABCREATION ;<\/strong><\/p>\n\n\n\n<p>Vous \u00eates inform\u00e9 de mani\u00e8re claire et transparente, sur la finalit\u00e9 d\u2019utilisation des Donn\u00e9es \u00e0 caract\u00e8re personnel collect\u00e9es vous concernant et sur vos droits en mati\u00e8re de protection des donn\u00e9es.<\/p>\n\n\n\n<h1 class=\"wp-block-heading\"><strong>Article 1 : D\u00e9finitions<\/strong><\/h1>\n\n\n\n<p><strong>\u00ab&nbsp;Client&nbsp;\u00bb&nbsp;<\/strong>: D\u00e9signe toute personne passant commande de produits par le biais du Site&nbsp;;<\/p>\n\n\n\n<p><strong>\u00ab&nbsp;Cookies&nbsp;\u00bb&nbsp;<\/strong>: D\u00e9signent les traceurs qui permettent d\u2019acc\u00e9der \u00e0 des informations stock\u00e9es dans l\u2019\u00e9quipement terminal du Visiteur du Site ;<\/p>\n\n\n\n<p><strong>\u00ab&nbsp;Commande&nbsp;\u00bb&nbsp;<\/strong>: D\u00e9signe toute commande pass\u00e9e par le Client&nbsp;par le biais du Site&nbsp;;<\/p>\n\n\n\n<p><strong>\u00ab&nbsp;Destinataire&nbsp;\u00bb<\/strong>&nbsp;: D\u00e9signe la personne physique ou morale qui re\u00e7oit la communication de Donn\u00e9es \u00e0 caract\u00e8re personnel, qu\u2019il s\u2019agisse ou non d\u2019un tiers&nbsp;;<\/p>\n\n\n\n<p><strong>\u00ab&nbsp;Donn\u00e9e \u00e0 caract\u00e8re personnel&nbsp;\u00bb&nbsp;<\/strong>:&nbsp;D\u00e9signe&nbsp;toute information se rapportant \u00e0 une personne physique identifi\u00e9e ou identifiable directement (par son nom ou pr\u00e9nom par exemple) ou indirectement (notamment par r\u00e9f\u00e9rence \u00e0 un identifiant, tel qu\u2019un num\u00e9ro d\u2019identification, des donn\u00e9es de localisation, un identifiant en ligne)&nbsp;;<\/p>\n\n\n\n<p><strong>\u00ab\u00a0Personne concern\u00e9e\u00a0\u00bb \/ \u00ab\u00a0Vous\u00a0\u00bb\u00a0<\/strong>: D\u00e9signe la personne physique identifi\u00e9e ou identifiable et dont les Donn\u00e9es \u00e0 caract\u00e8re personnel sont trait\u00e9es par RABABCREATION en tant que Visiteur du site web ou en tant que Client ;<\/p>\n\n\n\n<p><strong>\u00ab\u00a0Responsable de traitement\u00a0\u00bb\u00a0<\/strong>: D\u00e9signe la personne physique ou morale, qui seul ou conjointement, d\u00e9termine les finalit\u00e9s et les moyens des Traitements de donn\u00e9es \u00e0 caract\u00e8re personnel. En l\u2019esp\u00e8ce, la RABABCREATION est responsable de traitement ;<\/p>\n\n\n\n<p><strong>\u00ab\u00a0Site\u00a0\u00bb<\/strong>\u00a0: D\u00e9signe le site web \u00e9dit\u00e9 par RABABCREATION accessible sur le web \u00e0 l\u2019adresse URL suivante\u00a0: https:\/\/rababcreation.com\u00a0<\/p>\n\n\n\n<p><strong>\u00ab&nbsp;Sous-traitant&nbsp;\u00bb&nbsp;<\/strong>: D\u00e9signe la personne physique ou morale qui traite des Donn\u00e9es \u00e0 caract\u00e8re personnel pour le compte du Responsable de traitement ;<\/p>\n\n\n\n<p><strong>\u00ab&nbsp;Traitement&nbsp;\u00bb&nbsp;<\/strong>:&nbsp;D\u00e9signe toute op\u00e9ration ou tout ensemble d\u2019op\u00e9rations effectu\u00e9es ou non \u00e0 l\u2019aide de proc\u00e9d\u00e9s automatis\u00e9s et appliqu\u00e9s \u00e0 des donn\u00e9es ou des ensembles de donn\u00e9es \u00e0 caract\u00e8re personnel, telles que la collecte, l\u2019enregistrement, l\u2019organisation, la structuration, la conservation, l\u2019adaptation ou la modification, l\u2019extraction, la consultation, l\u2019utilisation, la communication par transmission, la diffusion ou toute autre forme de mise \u00e0 disposition, le rapprochement ou l\u2019interconnexion, la limitation, l\u2019effacement ou la destruction ;&nbsp;<\/p>\n\n\n\n<p><strong>\u00ab&nbsp;Tiers&nbsp;\u00bb&nbsp;<\/strong>:&nbsp;D\u00e9signe toute personne physique ou morale autoris\u00e9e, autorit\u00e9 publique, service ou organisme autre que la personne concern\u00e9e, le responsable du traitement, le sous-traitant et les personnes qui, plac\u00e9es sous l\u2019autorit\u00e9 directe du responsable du traitement ou du sous-traitant, sont autoris\u00e9es \u00e0 traiter les Donn\u00e9es \u00e0 caract\u00e8re personnel ;<\/p>\n\n\n\n<p><strong>\u00ab\u00a0Visiteur\u00a0\u00bb<\/strong>\u00a0: D\u00e9signe toute personne qui navigue sur le Site web, client ou non de rababcreation\u00a0;<\/p>\n\n\n\n<p><strong>\u00ab&nbsp;Violation de donn\u00e9es \u00e0 caract\u00e8re personnel&nbsp;\u00bb&nbsp;<\/strong>:&nbsp;D\u00e9signe la violation qui entra\u00eene, de mani\u00e8re accidentelle ou illicite, la destruction, la perte, l\u2019alt\u00e9ration, la divulgation non autoris\u00e9e de donn\u00e9es \u00e0 caract\u00e8re personnel transmises, conserv\u00e9es ou trait\u00e9es d\u2019une autre mani\u00e8re, ou l\u2019acc\u00e8s non autoris\u00e9 \u00e0 de telles donn\u00e9es.&nbsp;<\/p>\n\n\n\n<h1 class=\"wp-block-heading\"><strong>Article 2 : Quand vos donn\u00e9es sont-elles collect\u00e9es ?<\/strong><\/h1>\n\n\n\n<p>Vos Donn\u00e9es \u00e0 caract\u00e8re personnel, en tant que Visiteur du Site ou Client de rababcreation, sont susceptibles d\u2019\u00eatre collect\u00e9es dans les circonstances list\u00e9es ci-apr\u00e8s :<\/p>\n\n\n\n<ul class=\"wp-block-list\">\n<li>Lors des visites et de la navigation sur le Site ;<\/li>\n\n\n\n<li>Lors de la passation d\u2019une Commande (achat d\u2019un produit)&nbsp;;<\/li>\n\n\n\n<li>Lors des \u00e9changes lors de la livraison d\u2019un produit&nbsp;;<\/li>\n\n\n\n<li>Lors des contacts avec le service apr\u00e8s-vente ;<\/li>\n\n\n\n<li>Lors de l\u2019inscription \u00e0 la newsletter&nbsp;;<\/li>\n\n\n\n<li>Lors d\u2019\u00e9changes et\/ou contact entre vous et rababcreation.<\/li>\n<\/ul>\n\n\n\n<h1 class=\"wp-block-heading\"><strong>Article 3 : Pour quelles finalit\u00e9s vos donn\u00e9es sont-elles trait\u00e9es ?<\/strong><\/h1>\n\n\n\n<p>Les Traitements de vos Donn\u00e9es \u00e0 caract\u00e8re personnel effectu\u00e9s par RABABCREATION ont pour finalit\u00e9 :<br><strong>La gestion des prospects ;\u00a0La passation et la gestion d&rsquo;une commande\u00a0;Le paiement de la commande ;La livraison de la commande ;Le suivi de la relation contractuelle avec les clients ;Le service apr\u00e8s-vente ;\u00a0Le suivi des statistiques et mesure d\u2019audience sur le Site.L\u2019am\u00e9lioration de la navigation sur le Site.<\/strong><\/p>\n\n\n\n<h1 class=\"wp-block-heading\"><strong>Article 4 : Sur quelles bases l\u00e9gales vos donn\u00e9es sont-elles collect\u00e9es ? Combien de temps sont-elles conserv\u00e9es ?<\/strong><\/h1>\n\n\n\n<figure class=\"wp-block-table\"><table><tbody><tr><td><strong>Finalit\u00e9s<\/strong><\/td><td><strong>Donn\u00e9es collect\u00e9es<\/strong><\/td><td><strong>Base l\u00e9gale<\/strong><\/td><td><strong>Dur\u00e9e de conservation<\/strong><\/td><\/tr><tr><td>Gestion des prospects, \u00e9laboration et gestion d\u2019op\u00e9rations de communication et de prospection (newsletter)<\/td><td>Coordonn\u00e9es de contact (nom, pr\u00e9nom, adresse email)<\/td><td>Consentement<\/td><td>Jusqu\u2019\u00e0 3 ans \u00e0 partir du dernier contact avec la personne concern\u00e9e<\/td><\/tr><tr><td>Gestion des commandes de produits &amp; livraison<\/td><td>Donn\u00e9es d\u2019identification et coordonn\u00e9es de contact (nom, pr\u00e9nom, adresse email, adresse postale, num\u00e9ro de t\u00e9l\u00e9phone)<\/td><td>Contrat<\/td><td>Dur\u00e9e li\u00e9e \u00e0 celle du contrat (si un contrat est conclu), et durant les dur\u00e9es de prescription applicables<\/td><\/tr><tr><td>Paiement \u00e0 distance par carte bancaire<\/td><td>Num\u00e9ro de la carte, date d\u2019expiration<\/td><td>Contrat<\/td><td>Jusqu\u2019au complet paiement augment\u00e9 du d\u00e9lai de r\u00e9tractation pour la vente des produits<\/td><\/tr><tr><td>Service apr\u00e8s-vente<\/td><td>Coordonn\u00e9es de contact et donn\u00e9es de facturation<\/td><td>Obligations l\u00e9gales<\/td><td>Dur\u00e9e li\u00e9e \u00e0 celle du contrat (si un contrat est conclu), et durant les dur\u00e9es de prescription applicables<\/td><\/tr><tr><td>Analyse des interactions (Mesure d\u2019audience)<\/td><td>Contenus, \u00e9tablissements, pages consult\u00e9es<\/td><td>Consentement<\/td><td>6 mois<\/td><\/tr><\/tbody><\/table><\/figure>\n\n\n\n<p><br>Concernant les dur\u00e9es de conservation, il est entendu que RABABCREATION ne conserve vos Donn\u00e9es \u00e0 caract\u00e8re personnel que le temps n\u00e9cessaire \u00e0 la r\u00e9alisation des finalit\u00e9s pour lesquelles elles ont \u00e9t\u00e9 recueillies, y compris pour satisfaire \u00e0 toute exigence l\u00e9gale ou comptable.<\/p>\n\n\n\n<h1 class=\"wp-block-heading\"><strong>Article 5 : Qui sont les destinataires de vos donn\u00e9es ?<\/strong><\/h1>\n\n\n\n<p><br>Les Donn\u00e9es \u00e0 caract\u00e8re personnel vous concernant peuvent \u00eatre trait\u00e9es par les personnes suivantes :<\/p>\n\n\n\n<ul class=\"wp-block-list\">\n<li>Les membres habilit\u00e9s de l\u2019\u00e9quipe de RABABCREATION ;\u00a0<\/li>\n<\/ul>\n\n\n\n<ul class=\"wp-block-list\">\n<li>Les fournisseurs de syst\u00e8mes informatiques et de soutien de l\u2019activit\u00e9 RABABCREATION (ex\u00a0: prestataire informatique, d\u2019h\u00e9bergement et de maintenance, fournisseur de solutions de paiement s\u00e9curis\u00e9).\u00a0<\/li>\n<\/ul>\n\n\n\n<p>Vos Donn\u00e9es ne seront pas communiqu\u00e9es \u00e0 d\u2019autres personnes sans votre consentement.<\/p>\n\n\n\n<p>Les tiers avec lesquels RABABCREATION partage vos Donn\u00e9es sont limit\u00e9s (par la loi et par contrat) dans leur capacit\u00e9 \u00e0 utiliser vos Donn\u00e9es \u00e0 caract\u00e8re personnel aux fins sp\u00e9cifiques que RABABCREATION a identifi\u00e9es.<\/p>\n\n\n\n<p>En tout \u00e9tat de cause,\u00a0 rABABCREATION d\u00e9ploie ses meilleurs efforts pour assurer que les destinataires de vos Donn\u00e9es \u00e0 caract\u00e8re personnel sont soumis aux obligations de confidentialit\u00e9 et de s\u00e9curit\u00e9 conformes \u00e0 la pr\u00e9sente Politique de Confidentialit\u00e9, aux lois applicables et notamment au RGPD et \u00e0 la Loi dite Informatique et Libert\u00e9s dans sa derni\u00e8re version en vigueur.<\/p>\n\n\n\n<p>Enfin, vous \u00eates inform\u00e9 que RABABCREATION est susceptible de partager vos Donn\u00e9es \u00e0 caract\u00e8re personnel afin de se conformer \u00e0 des obligations l\u00e9gales (par exemple, transmission de donn\u00e9es aux administrations).\u00a0<\/p>\n\n\n\n<h1 class=\"wp-block-heading\"><strong>Article 6 : Vos donn\u00e9es sont-elles transf\u00e9r\u00e9es en dehors de l\u2019Union-Europ\u00e9enne ?<\/strong><\/h1>\n\n\n\n<p><br>En principe, toutes vos Donn\u00e9es sont stock\u00e9es sur le territoire de l\u2019Union Europ\u00e9enne et ne sont pas transf\u00e9r\u00e9es en dehors de ce territoire.<\/p>\n\n\n\n<p>Toutefois, si le traitement de vos Donn\u00e9es \u00e0 caract\u00e8re personnel impliquait un transfert hors de l\u2019Union Europ\u00e9enne, ces transferts seraient effectu\u00e9s en contrepartie de garanties appropri\u00e9es en mati\u00e8re de s\u00e9curit\u00e9 et confidentialit\u00e9 en conformit\u00e9 avec la r\u00e8glementation applicable (Notamment des clauses contractuelles standards, conform\u00e9ment aux mod\u00e8les de clauses valid\u00e9es par la Commission Europ\u00e9enne).<\/p>\n\n\n\n<h1 class=\"wp-block-heading\"><strong>Article 7 : Quels sont vos droits ?<\/strong><\/h1>\n\n\n\n<p>En tant que Personne concern\u00e9e par le Traitement de Donn\u00e9es \u00e0 caract\u00e8re personnel, vous poss\u00e9dez diff\u00e9rents droits.<\/p>\n\n\n\n<p>Ces derniers ne sont n\u00e9anmoins pas absolus et sont soumis \u00e0 certaines conditions, conform\u00e9ment au RGPD et autres textes en vigueur applicables notamment \u00e0 la Loi n\u00b0 78-17 du 6 janvier 1978 dite \u00ab&nbsp;<em>Informatique et Libert\u00e9s<\/em>&nbsp;\u00bb.<\/p>\n\n\n\n<h2 class=\"wp-block-heading\">7.1 Le droit d\u2019acc\u00e8s&nbsp;<\/h2>\n\n\n\n<p>Vous avez le droit d\u2019obtenir de la part de RABABCREATION la confirmation que vos Donn\u00e9es \u00e0 caract\u00e8re personnel sont ou non trait\u00e9es par RABABCREATION, ainsi que des informations sur la mani\u00e8re dont elles sont trait\u00e9es.\u00a0<\/p>\n\n\n\n<p>Vous avez \u00e9galement le droit d\u2019obtenir une copie des Donn\u00e9es \u00e0 caract\u00e8re personnel vous concernant trait\u00e9es par RABABCREATION.<\/p>\n\n\n\n<h2 class=\"wp-block-heading\">7.2 Le droit de rectification&nbsp;<\/h2>\n\n\n\n<p>Vous pouvez solliciter rABABCREATION afin que cette derni\u00e8re prenne des mesures pour corriger vos Donn\u00e9es \u00e0 caract\u00e8re personnel si elles sont inexactes ou incompl\u00e8tes.<\/p>\n\n\n\n<p><em>Par exemple si<\/em> RABABCREATION <em>d\u00e9tient le mauvais nom ou la mauvaise adresse pour effectuer la livraison des Produits objets de votre Commande.\u00a0<\/em><\/p>\n\n\n\n<h2 class=\"wp-block-heading\">7.3 Le droit \u00e0 l\u2019effacement (\u00ab&nbsp;droit \u00e0 l\u2019oubli&nbsp;\u00bb)<\/h2>\n\n\n\n<p>Vous pouvez demander l\u2019effacement ou la suppression de vos Donn\u00e9es \u00e0 caract\u00e8re personnel.<\/p>\n\n\n\n<p><em>Par exemple lorsqu\u2019il n\u2019existe pas (ou plus) de raison imp\u00e9rieuse pour RABABCREATION de continuer \u00e0 les utiliser.<\/em><\/p>\n\n\n\n<h2 class=\"wp-block-heading\">7.4 Le droit de limiter le traitement&nbsp;<\/h2>\n\n\n\n<p>Vous avez le droit de demander la limitation des Traitements de Donn\u00e9es \u00e0 caract\u00e8re personnel ou d\u2019emp\u00eacher l\u2019utilisation ult\u00e9rieure de vos Donn\u00e9es \u00e0 caract\u00e8re personnel.&nbsp;<\/p>\n\n\n\n<h2 class=\"wp-block-heading\">7.5 Le droit \u00e0 la portabilit\u00e9 des donn\u00e9es&nbsp;<\/h2>\n\n\n\n<p>Vous avez le droit de r\u00e9cup\u00e9rer et de r\u00e9utiliser certaines Donn\u00e9es \u00e0 caract\u00e8re personnel vous concernant.<\/p>\n\n\n\n<p>Ce droit s\u2019applique uniquement aux Donn\u00e9es \u00e0 caract\u00e8re personnel que vous avez fournies \u00e0 RABABCREATION, que cette derni\u00e8re traite avec votre consentement, \u00e0 des fins d\u2019ex\u00e9cution du contrat et trait\u00e9es par des moyens automatis\u00e9s.<\/p>\n\n\n\n<p>Le cas \u00e9ch\u00e9ant, RABABCREATION vous fournira une copie de vos Donn\u00e9es \u00e0 caract\u00e8re personnel dans un format structur\u00e9, couramment utilis\u00e9 et lisible par une machine (lorsque cela est techniquement possible).\u00a0<\/p>\n\n\n\n<p>RABABCREATION pourra \u00e9galement, si vous le souhaitez, transmettre (dans la mesure du possible) ce type de Donn\u00e9es \u00e0 caract\u00e8re personnel directement \u00e0 un autre responsable de traitement.\u00a0<\/p>\n\n\n\n<h2 class=\"wp-block-heading\">7.6 Le droit d\u2019opposition<\/h2>\n\n\n\n<p>Vous avez le droit de vous opposer \u00e0 certains types de traitements, pour des raisons li\u00e9es \u00e0 votre situation particuli\u00e8re, \u00e0 tout moment, dans la mesure o\u00f9 ce traitement a eu lieu aux fins d\u2019int\u00e9r\u00eats l\u00e9gitimes poursuivis par RABABCREATION.<\/p>\n\n\n\n<p>En tout \u00e9tat de cause, RABABCREATION sera autoris\u00e9e \u00e0 continuer de traiter vos Donn\u00e9es \u00e0 caract\u00e8re personnel si elle est capable de d\u00e9montrer que le Traitement de Donn\u00e9es \u00e0 caract\u00e8re personnel est justifi\u00e9 par des libert\u00e9s ou si ces Donn\u00e9es \u00e0 caract\u00e8re personnel sont n\u00e9cessaires pour l\u2019\u00e9tablissement, l\u2019exercice ou la d\u00e9fense lors d\u2019actions judiciaires.<\/p>\n\n\n\n<h2 class=\"wp-block-heading\">7.7 Le droit de retirer votre consentement&nbsp;<\/h2>\n\n\n\n<p>Lorsque RABABCREATION  traite vos Donn\u00e9es \u00e0 caract\u00e8re personnel sur la base l\u00e9gale de votre consentement, vous avez la possibilit\u00e9 de retirer votre consentement \u00e0 tout moment.<\/p>\n\n\n\n<p>Toutefois, vous \u00eates inform\u00e9 par la pr\u00e9sente que le retrait n\u2019affecte aucunement la lic\u00e9it\u00e9 du traitement qui a eu lieu avant l\u2019exercice de ce droit de retrait.&nbsp;<\/p>\n\n\n\n<h2 class=\"wp-block-heading\">7.8 Le droit de nous fournir des directives sur l\u2019utilisation de vos donn\u00e9es personnelles apr\u00e8s votre d\u00e9c\u00e8s<\/h2>\n\n\n\n<p>Vous avez le droit de fournir \u00e0 RABABCREATION  des instructions sur la gestion (ex\u00a0: conservation, effacement et divulgation) de vos Donn\u00e9es \u00e0 caract\u00e8re personnel apr\u00e8s votre d\u00e9c\u00e8s.\u00a0<\/p>\n\n\n\n<p>Vous pouvez modifier ou r\u00e9voquer vos instructions \u00e0 tout moment.&nbsp;<\/p>\n\n\n\n<h2 class=\"wp-block-heading\">7.9 Droit de d\u00e9poser une r\u00e9clamation aupr\u00e8s de la CNIL&nbsp;<\/h2>\n\n\n\n<p>Dans l\u2019\u00e9ventualit\u00e9 o\u00f9 vous ne seriez pas satisfait de la r\u00e9ponse deRABABCREATION  E \u00e0 votre r\u00e9clamation ou si vous pensez que le Traitement de vos Donn\u00e9es \u00e0 caract\u00e8re personnel n\u2019est pas conforme \u00e0 la r\u00e8glementation applicable sur la protection des donn\u00e9es \u00e0 caract\u00e8re personnel, vous pouvez d\u00e9poser une r\u00e9clamation aupr\u00e8s de l\u2019autorit\u00e9 de contr\u00f4le comp\u00e9tente en mati\u00e8re de protection des donn\u00e9es.<\/p>\n\n\n\n<p>La Commission Informatique et Libert\u00e9s (CNIL) est l\u2019autorit\u00e9 de protection des donn\u00e9es en France.<\/p>\n\n\n\n<h1 class=\"wp-block-heading\"><strong>Article 8 : Comment pouvez-vous exercer vos droits ?<\/strong><\/h1>\n\n\n\n<p><br>Si vous souhaitez exercer l\u2019un de vos droits vous pouvez nous contacter \u00e0 l\u2019adresse courriel suivante :&nbsp;&nbsp;<a href=\"mailto:myhouseofjewelspro@gmail.com\">myhouseofjewelspro@gmail.com<\/a>&nbsp;<\/p>\n\n\n\n<p>Pour mieux conna\u00eetre vos droits, vous pouvez vous rendre sur le site de la&nbsp;CNIL&nbsp;(<a href=\"http:\/\/www.cnil.fr\/fr\/comprendre-vos-droits\">www.cnil.fr\/fr\/comprendre-vos-droits<\/a>).<\/p>\n\n\n\n<p>Lors d\u2019une demande d\u2019exercice de droits, un titre d\u2019identit\u00e9 peut \u00eatre demand\u00e9 si n\u00e9c\u00e9ssaire, notamment afin de pr\u00e9server la s\u00e9curit\u00e9 du traitement faisant l\u2019objet de la demande.&nbsp;<\/p>\n\n\n\n<p>Une r\u00e9ponse vous sera adress\u00e9e, suivant la complexit\u00e9 de votre demande dans les d\u00e9lais prescrits par l\u2019article 12.3 du RGPD.<\/p>\n\n\n\n<h1 class=\"wp-block-heading\"><strong>Article 9 : Comment sont prot\u00e9g\u00e9es vos donn\u00e9es \u00e0 caract\u00e8re personnel ?<\/strong><\/h1>\n\n\n\n<p>RABABCREATION s\u2019assure que les Donn\u00e9es \u00e0 caract\u00e8re personnel sont trait\u00e9es en toute s\u00e9curit\u00e9 et confidentialit\u00e9, y compris lorsque certaines op\u00e9rations sont r\u00e9alis\u00e9es par des Sous-traitants.\u00a0<\/p>\n\n\n\n<p>\u00c0 cet effet, RABABCREATION met en place les mesures techniques et organisationnelles appropri\u00e9es pour \u00e9viter la perte, la mauvaise utilisation, l\u2019alt\u00e9ration et la suppression de vos Donn\u00e9es \u00e0 caract\u00e8re personnel.<\/p>\n\n\n\n<p>Ces mesures sont adapt\u00e9es selon le niveau de sensibilit\u00e9 des Donn\u00e9es \u00e0 caract\u00e8re personnel trait\u00e9es et le niveau de risque que pr\u00e9sente le Traitement de ces donn\u00e9es ou sa mise en \u0153uvre.&nbsp;<\/p>\n\n\n\n<p>Si une atteinte \u00e0 la s\u00e9curit\u00e9 des Donn\u00e9es \u00e0 caract\u00e8re personnel vous concernant se produit, RABABCREATION  vous en informera dans les d\u00e9lais et selon les modalit\u00e9s pr\u00e9cis\u00e9es par les dispositions l\u00e9gales et r\u00e8glementaires en vigueur.\u00a0<\/p>\n\n\n\n<h1 class=\"wp-block-heading\"><strong>Article 10 : Cette Politique peut-elle \u00eatre modifi\u00e9e ?<\/strong><\/h1>\n\n\n\n<p>RABABCREATION  se r\u00e9serve la possibilit\u00e9 de modifier la pr\u00e9sente Politique de confidentialit\u00e9.<\/p>\n\n\n\n<p>Si les modifications sont des modifications de forme, la nouvelle politique s\u2019appliquera imm\u00e9diatement.<\/p>\n\n\n\n<p>Si les modifications ou mises \u00e0 jour sont substantielles (par exemple, insertion d\u2019une nouvelle finalit\u00e9), une communication aux Personnes concern\u00e9es sera effectu\u00e9e.<\/p>\n\n\n\n<p>Si le recueil du consentement \u00e9tait \u00e0 nouveau n\u00e9cessaire, RABABCREATION proc\u00e9derait \u00e9videmment \u00e0 un nouveau recueil du consentement.\u00a0<\/p>\n","protected":false},"excerpt":{"rendered":"<p>Pr\u00e9ambule : Auto entreprise Rababcreation, SIREN 947567269 si\u00e9ge social : 2 rue d&rsquo;agen 44800 saint herblain, s\u2019engage \u00e0 se conformer \u00e0 la l\u00e9gislation en vigueur en France (Loi n\u1d52 78-17 du 6 janvier 1978 \u00ab\u00a0Informatique et Libert\u00e9s\u00a0\u00bb) et en Europe (R\u00e8glement 2016\/679 du 27 avril 2016 \u00ab\u00a0RGPD\u00a0\u00bb), \u00e0 assurer la protection, la confidentialit\u00e9 et la [&hellip;]<\/p>\n","protected":false},"author":1,"featured_media":0,"parent":0,"menu_order":0,"comment_status":"closed","ping_status":"open","template":"","meta":{"site-sidebar-layout":"default","site-content-layout":"","ast-site-content-layout":"default","site-content-style":"default","site-sidebar-style":"default","ast-global-header-display":"","ast-banner-title-visibility":"","ast-main-header-display":"","ast-hfb-above-header-display":"","ast-hfb-below-header-display":"","ast-hfb-mobile-header-display":"","site-post-title":"","ast-breadcrumbs-content":"","ast-featured-img":"","footer-sml-layout":"","theme-transparent-header-meta":"","adv-header-id-meta":"","stick-header-meta":"","header-above-stick-meta":"","header-main-stick-meta":"","header-below-stick-meta":"","astra-migrate-meta-layouts":"set","ast-page-background-enabled":"default","ast-page-background-meta":{"desktop":{"background-color":"","background-image":"","background-repeat":"repeat","background-position":"center center","background-size":"auto","background-attachment":"scroll","background-type":"","background-media":"","overlay-type":"","overlay-color":"","overlay-opacity":"","overlay-gradient":""},"tablet":{"background-color":"","background-image":"","background-repeat":"repeat","background-position":"center center","background-size":"auto","background-attachment":"scroll","background-type":"","background-media":"","overlay-type":"","overlay-color":"","overlay-opacity":"","overlay-gradient":""},"mobile":{"background-color":"","background-image":"","background-repeat":"repeat","background-position":"center center","background-size":"auto","background-attachment":"scroll","background-type":"","background-media":"","overlay-type":"","overlay-color":"","overlay-opacity":"","overlay-gradient":""}},"ast-content-background-meta":{"desktop":{"background-color":"var(--ast-global-color-5)","background-image":"","background-repeat":"repeat","background-position":"center center","background-size":"auto","background-attachment":"scroll","background-type":"","background-media":"","overlay-type":"","overlay-color":"","overlay-opacity":"","overlay-gradient":""},"tablet":{"background-color":"var(--ast-global-color-5)","background-image":"","background-repeat":"repeat","background-position":"center center","background-size":"auto","background-attachment":"scroll","background-type":"","background-media":"","overlay-type":"","overlay-color":"","overlay-opacity":"","overlay-gradient":""},"mobile":{"background-color":"var(--ast-global-color-5)","background-image":"","background-repeat":"repeat","background-position":"center center","background-size":"auto","background-attachment":"scroll","background-type":"","background-media":"","overlay-type":"","overlay-color":"","overlay-opacity":"","overlay-gradient":""}},"footnotes":""},"class_list":["post-3","page","type-page","status-publish","hentry"],"jetpack_sharing_enabled":true,"_links":{"self":[{"href":"https:\/\/rababcreation.com\/index.php\/wp-json\/wp\/v2\/pages\/3","targetHints":{"allow":["GET"]}}],"collection":[{"href":"https:\/\/rababcreation.com\/index.php\/wp-json\/wp\/v2\/pages"}],"about":[{"href":"https:\/\/rababcreation.com\/index.php\/wp-json\/wp\/v2\/types\/page"}],"author":[{"embeddable":true,"href":"https:\/\/rababcreation.com\/index.php\/wp-json\/wp\/v2\/users\/1"}],"replies":[{"embeddable":true,"href":"https:\/\/rababcreation.com\/index.php\/wp-json\/wp\/v2\/comments?post=3"}],"version-history":[{"count":2,"href":"https:\/\/rababcreation.com\/index.php\/wp-json\/wp\/v2\/pages\/3\/revisions"}],"predecessor-version":[{"id":7822,"href":"https:\/\/rababcreation.com\/index.php\/wp-json\/wp\/v2\/pages\/3\/revisions\/7822"}],"wp:attachment":[{"href":"https:\/\/rababcreation.com\/index.php\/wp-json\/wp\/v2\/media?parent=3"}],"curies":[{"name":"wp","href":"https:\/\/api.w.org\/{rel}","templated":true}]}}