{"id":6320,"date":"2023-08-27T16:07:17","date_gmt":"2023-08-27T14:07:17","guid":{"rendered":"https:\/\/rababcreation.com\/?page_id=6320"},"modified":"2023-11-11T15:07:16","modified_gmt":"2023-11-11T14:07:16","slug":"politique-de-livraison","status":"publish","type":"page","link":"https:\/\/rababcreation.com\/index.php\/politique-de-livraison\/","title":{"rendered":"Politique de RETOUR"},"content":{"rendered":"\n<div class=\"wp-block-columns is-layout-flex wp-container-core-columns-is-layout-28f84493 wp-block-columns-is-layout-flex\">\n<div class=\"wp-block-column is-layout-flow wp-block-column-is-layout-flow\" style=\"flex-basis:25%\"><\/div>\n\n\n\n<div class=\"wp-block-column is-layout-constrained wp-block-column-is-layout-constrained\" style=\"flex-basis:50%\">\n<h1 class=\"wp-block-heading\">Politique de remboursement<\/h1>\n\n\n\n<h2 class=\"wp-block-heading\">POLITIQUE DE RETOUR &amp; \u00c9CHANGE<\/h2>\n\n\n\n<p>Voici les informations importantes :&nbsp;<\/p>\n\n\n\n<p>Dans le cadre de notre garantie satisfait ou rembours\u00e9 nous vous offrons la possibilit\u00e9 de retourner sans justification le produit achet\u00e9 dans les 14 jours de la date d&rsquo;achat.&nbsp;Conform\u00e9ment aux dispositions des articles L 121 et suivants du Code de la consommation, le client dispose d\u2019un d\u00e9lai de 14 jours pour exercer son droit de r\u00e9tractation, et pour retourner le produit sans avoir \u00e0 justifier de motifs ni \u00e0 payer de p\u00e9nalit\u00e9s.<\/p>\n\n\n\n<p>&nbsp;Pour&nbsp;b\u00e9n\u00e9ficier d&rsquo;un&nbsp;remboursement \/ \u00e9change :&nbsp;<\/p>\n\n\n\n<ul class=\"wp-block-list\">\n<li><strong>Vous devez envoy\u00e9 un email&nbsp;dans la limite de 14 jours suivant&nbsp;la r\u00e9ception de votre marchandise.&nbsp;<\/strong><\/li>\n\n\n\n<li><strong>Vous devez retourner le\/les articles dans un colissimo suivi (preuve de d\u00e9p\u00f4t \u00e0 conserver obligatoirement)<\/strong><\/li>\n\n\n\n<li><strong>Le produit doit \u00eatre neuf, retourn\u00e9 dans son\u00a0emballage d&rsquo;origine.<\/strong><\/li>\n<\/ul>\n\n\n\n<p><em><strong>Comment proc\u00e9der ?&nbsp;<\/strong><\/em><\/p>\n\n\n\n<p>Pour chaque demande de retour il est indispensable de nous contacter par mail en utilisant notre formulaire de contact ou \u00e0 l\u2019adresse suivante\u00a0<strong>rababcrochet@gmail.com\u00a0<\/strong>sans cela, nous nous autorisons a refuser le retour.<\/p>\n\n\n\n<p>Remplir notre formulaire de retour que nous vous transmettrons par e-mail.&nbsp;<\/p>\n\n\n\n<p>Les frais d\u2019exp\u00e9dition sont \u00e0 la charge de l\u2019acheteur. Vous disposez d\u2019un d\u00e9lai de sept jours apr\u00e8s avoir pris contact avec&nbsp;le service apr\u00e8s-vente pour effectuer le retour.<\/p>\n\n\n\n<p><strong>Pour informations :<\/strong><\/p>\n\n\n\n<ul class=\"wp-block-list\">\n<li>Nous ne sommes pas responsables du vol ou de la disparition de colis. Sans le respect des dates, nous ne serons pas en mesure de vous rembourser \u00e0&nbsp;la r\u00e9ception du retour.&nbsp;<\/li>\n\n\n\n<li>Vous devez conserver obligatoirement une preuve de d\u00e9p\u00f4t de votre retour avec un num\u00e9ro de suivi qui doit appara\u00eetre sur votre retour (la photo du colis doit \u00eatre \u00e9galement conserv\u00e9)&nbsp;<\/li>\n\n\n\n<li>Nous ne sommes pas responsables de la casse des articles du au transport de ce fait les frais du \u00e0 la r\u00e9paration des articles&nbsp;ne sont pas \u00e0 notre charge<\/li>\n\n\n\n<li>En cas d\u2019erreur de notre part les frais de retour sont \u00e0 notre charge.&nbsp;<\/li>\n\n\n\n<li>Pour des raisons d&rsquo;hygi\u00e8ne\u00a0les boucles d&rsquo;oreilles ne sont pas repris\u00a0conform\u00e9ment\u00a0\u00e0\u00a0l&rsquo;article L221-28 du Code de la consommation.<\/li>\n\n\n\n<li><strong>Tout article d\u00e9grad\u00e9 apr\u00e8s avoir&nbsp;\u00e9t\u00e9 port\u00e9 fera l\u2019objet et uniquement d\u2019un \u00e9change<\/strong><\/li>\n\n\n\n<li><strong>Tout article re\u00e7u&nbsp;d\u00e9grad\u00e9 suite au transport fera l\u2019objet et uniquement d\u2019un \u00e9change<\/strong><\/li>\n\n\n\n<li>Les articles&nbsp;en promotions ne sont ni remboursables ni \u00e9changeables.<\/li>\n\n\n\n<li>Si votre droit de retour est d\u00e9pass\u00e9, votre retour vous sera automatiquement renvoy\u00e9.<\/li>\n<\/ul>\n<\/div>\n<\/div>\n","protected":false},"excerpt":{"rendered":"<p>Politique de remboursement POLITIQUE DE RETOUR &amp; \u00c9CHANGE Voici les informations importantes :&nbsp; Dans le cadre de notre garantie satisfait ou rembours\u00e9 nous vous offrons la possibilit\u00e9 de retourner sans justification le produit achet\u00e9 dans les 14 jours de la date d&rsquo;achat.&nbsp;Conform\u00e9ment aux dispositions des articles L 121 et suivants du Code de la consommation, [&hellip;]<\/p>\n","protected":false},"author":1,"featured_media":0,"parent":0,"menu_order":0,"comment_status":"closed","ping_status":"closed","template":"","meta":{"site-sidebar-layout":"no-sidebar","site-content-layout":"page-builder","ast-site-content-layout":"full-width-container","site-content-style":"unboxed","site-sidebar-style":"unboxed","ast-global-header-display":"","ast-banner-title-visibility":"","ast-main-header-display":"","ast-hfb-above-header-display":"","ast-hfb-below-header-display":"","ast-hfb-mobile-header-display":"","site-post-title":"disabled","ast-breadcrumbs-content":"","ast-featured-img":"disabled","footer-sml-layout":"","theme-transparent-header-meta":"","adv-header-id-meta":"","stick-header-meta":"","header-above-stick-meta":"","header-main-stick-meta":"","header-below-stick-meta":"","astra-migrate-meta-layouts":"set","ast-page-background-enabled":"default","ast-page-background-meta":{"desktop":{"background-color":"","background-image":"","background-repeat":"repeat","background-position":"center center","background-size":"auto","background-attachment":"scroll","background-type":"","background-media":"","overlay-type":"","overlay-color":"","overlay-opacity":"","overlay-gradient":""},"tablet":{"background-color":"","background-image":"","background-repeat":"repeat","background-position":"center center","background-size":"auto","background-attachment":"scroll","background-type":"","background-media":"","overlay-type":"","overlay-color":"","overlay-opacity":"","overlay-gradient":""},"mobile":{"background-color":"","background-image":"","background-repeat":"repeat","background-position":"center center","background-size":"auto","background-attachment":"scroll","background-type":"","background-media":"","overlay-type":"","overlay-color":"","overlay-opacity":"","overlay-gradient":""}},"ast-content-background-meta":{"desktop":{"background-color":"var(--ast-global-color-5)","background-image":"","background-repeat":"repeat","background-position":"center center","background-size":"auto","background-attachment":"scroll","background-type":"","background-media":"","overlay-type":"","overlay-color":"","overlay-opacity":"","overlay-gradient":""},"tablet":{"background-color":"var(--ast-global-color-5)","background-image":"","background-repeat":"repeat","background-position":"center center","background-size":"auto","background-attachment":"scroll","background-type":"","background-media":"","overlay-type":"","overlay-color":"","overlay-opacity":"","overlay-gradient":""},"mobile":{"background-color":"var(--ast-global-color-5)","background-image":"","background-repeat":"repeat","background-position":"center center","background-size":"auto","background-attachment":"scroll","background-type":"","background-media":"","overlay-type":"","overlay-color":"","overlay-opacity":"","overlay-gradient":""}},"footnotes":""},"class_list":["post-6320","page","type-page","status-publish","hentry"],"jetpack_sharing_enabled":true,"_links":{"self":[{"href":"https:\/\/rababcreation.com\/index.php\/wp-json\/wp\/v2\/pages\/6320","targetHints":{"allow":["GET"]}}],"collection":[{"href":"https:\/\/rababcreation.com\/index.php\/wp-json\/wp\/v2\/pages"}],"about":[{"href":"https:\/\/rababcreation.com\/index.php\/wp-json\/wp\/v2\/types\/page"}],"author":[{"embeddable":true,"href":"https:\/\/rababcreation.com\/index.php\/wp-json\/wp\/v2\/users\/1"}],"replies":[{"embeddable":true,"href":"https:\/\/rababcreation.com\/index.php\/wp-json\/wp\/v2\/comments?post=6320"}],"version-history":[{"count":6,"href":"https:\/\/rababcreation.com\/index.php\/wp-json\/wp\/v2\/pages\/6320\/revisions"}],"predecessor-version":[{"id":7825,"href":"https:\/\/rababcreation.com\/index.php\/wp-json\/wp\/v2\/pages\/6320\/revisions\/7825"}],"wp:attachment":[{"href":"https:\/\/rababcreation.com\/index.php\/wp-json\/wp\/v2\/media?parent=6320"}],"curies":[{"name":"wp","href":"https:\/\/api.w.org\/{rel}","templated":true}]}}