{"id":6322,"date":"2023-08-27T16:07:17","date_gmt":"2023-08-27T14:07:17","guid":{"rendered":"https:\/\/rababcreation.com\/?page_id=6322"},"modified":"2023-11-11T11:26:42","modified_gmt":"2023-11-11T10:26:42","slug":"mentions-legales","status":"publish","type":"page","link":"https:\/\/rababcreation.com\/index.php\/mentions-legales\/","title":{"rendered":"Mentions l\u00e9gales"},"content":{"rendered":"\n<h1 class=\"wp-block-heading\">Mentions l\u00e9gales<\/h1>\n\n\n\n<p>Mentions l\u00e9gales du site internet rababcreation.com applicables \u00e0 compter du 27\/08\/2023<\/p>\n\n\n\n<p><strong>ARTICLE 1. EDITEUR<\/strong><br>Vous \u00eates actuellement connect\u00e9 au site internet rababcreation.com, auto-entrepreneur, enregistr\u00e9e au RCS de Nantes en France, sous le num\u00e9ro SIREN 947567269, si\u00e8ge social : 2 RUE D&rsquo;AGEN, 44800 Saint-Herblain, FR, t\u00e9l\u00e9phone : 07.60.22.27.50, email : RABABCROCHET@gmail.com, TVA non applicable, article 293B du CGI, directeur de la publication : Mme Rabab EL HADDIOUI.<\/p>\n\n\n\n<p><strong>ARTICLE 2. HEBERGEUR<\/strong><br>Les informations relatives \u00e0 l&rsquo;h\u00e9bergement juridique et technique de ce site figurent \u00e0 l&rsquo;adresse : https:\/\/www.hostinger.fr\/legal\/termes-universels-de-contrat-de-service<\/p>\n","protected":false},"excerpt":{"rendered":"<p>Mentions l\u00e9gales Mentions l\u00e9gales du site internet rababcreation.com applicables \u00e0 compter du 27\/08\/2023 ARTICLE 1. EDITEURVous \u00eates actuellement connect\u00e9 au site internet rababcreation.com, auto-entrepreneur, enregistr\u00e9e au RCS de Nantes en France, sous le num\u00e9ro SIREN 947567269, si\u00e8ge social : 2 RUE D&rsquo;AGEN, 44800 Saint-Herblain, FR, t\u00e9l\u00e9phone : 07.60.22.27.50, email : RABABCROCHET@gmail.com, TVA non applicable, article [&hellip;]<\/p>\n","protected":false},"author":1,"featured_media":0,"parent":0,"menu_order":0,"comment_status":"closed","ping_status":"closed","template":"","meta":{"site-sidebar-layout":"no-sidebar","site-content-layout":"page-builder","ast-site-content-layout":"full-width-container","site-content-style":"unboxed","site-sidebar-style":"unboxed","ast-global-header-display":"","ast-banner-title-visibility":"","ast-main-header-display":"","ast-hfb-above-header-display":"","ast-hfb-below-header-display":"","ast-hfb-mobile-header-display":"","site-post-title":"disabled","ast-breadcrumbs-content":"","ast-featured-img":"disabled","footer-sml-layout":"","theme-transparent-header-meta":"","adv-header-id-meta":"","stick-header-meta":"","header-above-stick-meta":"","header-main-stick-meta":"","header-below-stick-meta":"","astra-migrate-meta-layouts":"set","ast-page-background-enabled":"default","ast-page-background-meta":{"desktop":{"background-color":"","background-image":"","background-repeat":"repeat","background-position":"center center","background-size":"auto","background-attachment":"scroll","background-type":"","background-media":"","overlay-type":"","overlay-color":"","overlay-opacity":"","overlay-gradient":""},"tablet":{"background-color":"","background-image":"","background-repeat":"repeat","background-position":"center center","background-size":"auto","background-attachment":"scroll","background-type":"","background-media":"","overlay-type":"","overlay-color":"","overlay-opacity":"","overlay-gradient":""},"mobile":{"background-color":"","background-image":"","background-repeat":"repeat","background-position":"center center","background-size":"auto","background-attachment":"scroll","background-type":"","background-media":"","overlay-type":"","overlay-color":"","overlay-opacity":"","overlay-gradient":""}},"ast-content-background-meta":{"desktop":{"background-color":"var(--ast-global-color-5)","background-image":"","background-repeat":"repeat","background-position":"center center","background-size":"auto","background-attachment":"scroll","background-type":"","background-media":"","overlay-type":"","overlay-color":"","overlay-opacity":"","overlay-gradient":""},"tablet":{"background-color":"var(--ast-global-color-5)","background-image":"","background-repeat":"repeat","background-position":"center center","background-size":"auto","background-attachment":"scroll","background-type":"","background-media":"","overlay-type":"","overlay-color":"","overlay-opacity":"","overlay-gradient":""},"mobile":{"background-color":"var(--ast-global-color-5)","background-image":"","background-repeat":"repeat","background-position":"center center","background-size":"auto","background-attachment":"scroll","background-type":"","background-media":"","overlay-type":"","overlay-color":"","overlay-opacity":"","overlay-gradient":""}},"footnotes":""},"class_list":["post-6322","page","type-page","status-publish","hentry"],"jetpack_sharing_enabled":true,"_links":{"self":[{"href":"https:\/\/rababcreation.com\/index.php\/wp-json\/wp\/v2\/pages\/6322","targetHints":{"allow":["GET"]}}],"collection":[{"href":"https:\/\/rababcreation.com\/index.php\/wp-json\/wp\/v2\/pages"}],"about":[{"href":"https:\/\/rababcreation.com\/index.php\/wp-json\/wp\/v2\/types\/page"}],"author":[{"embeddable":true,"href":"https:\/\/rababcreation.com\/index.php\/wp-json\/wp\/v2\/users\/1"}],"replies":[{"embeddable":true,"href":"https:\/\/rababcreation.com\/index.php\/wp-json\/wp\/v2\/comments?post=6322"}],"version-history":[{"count":13,"href":"https:\/\/rababcreation.com\/index.php\/wp-json\/wp\/v2\/pages\/6322\/revisions"}],"predecessor-version":[{"id":7820,"href":"https:\/\/rababcreation.com\/index.php\/wp-json\/wp\/v2\/pages\/6322\/revisions\/7820"}],"wp:attachment":[{"href":"https:\/\/rababcreation.com\/index.php\/wp-json\/wp\/v2\/media?parent=6322"}],"curies":[{"name":"wp","href":"https:\/\/api.w.org\/{rel}","templated":true}]}}