{"id":5202,"date":"2023-08-22T21:44:47","date_gmt":"2023-08-22T19:44:47","guid":{"rendered":"https:\/\/rababcreation.com\/index.php\/produit\/fairy-porte-cle-champion-magique\/"},"modified":"2023-11-07T23:52:26","modified_gmt":"2023-11-07T22:52:26","slug":"fairy-porte-cle-champion-magique","status":"publish","type":"product","link":"https:\/\/rababcreation.com\/index.php\/produit\/fairy-porte-cle-champion-magique\/","title":{"rendered":"Fairy | Porte cl\u00e9 champion magique"},"content":{"rendered":"<h3 data-pm-slice=\"1 1 []\" data-mce-fragment=\"1\">Porte cl\u00e9 champion magique nomm\u00e9 Fairy \ud83c\udf44<\/h3>\n<p>Tr\u00e8s jolie porte cl\u00e9 personnalis\u00e9 en forme de petit champion adorable et m\u00e9ga magique crochet\u00e9 \u00e0 la main et avec un fil 100% coton.<\/p>\n<p><strong>\u00c0 propos de cet article :<\/strong><\/p>\n<p><strong>Mat\u00e9riaux<\/strong> : Fairy est fabriqu\u00e9 en mat\u00e9riaux respectueux \u00e0 l&rsquo;environnement dans la mesure o\u00f9 elles contiennent uniquement un anneaux en acier inoxydable et un fils en coton comme mat\u00e9rieux .<\/p>\n<p><strong>Taille<\/strong> : En ce qui concerne la taille, le \ud83c\udf44 fait 4,5cm de largeur et 10cm de hauteur.<\/p>\n<p><strong>Cadeau<\/strong> : le porte cl\u00e9 personnalis\u00e9 est une superbe id\u00e9e de cadeau pour un anniversaire ou no\u00ebl ou juste pour ce faire plaisir !<\/p>\n<p><strong>Conseils d&rsquo;utilisations :<\/strong><\/p>\n<p>\u26a0\ufe0f Par ailleurs, les cr\u00e9ations en crochet sont fragiles et doivent \u00eatre manipul\u00e9es avec beaucoup de soin :<\/p>\n<p>Tenir \u00e0 l&rsquo;\u00e9cart de l&rsquo;eau<\/p>\n<p><strong>\u00c0 savoir \u00e9galement :<\/strong><\/p>\n<ul>\n<li>Pays d&rsquo;origine : France<\/li>\n<li>Fait main : Oui<\/li>\n<li>Personnalisable : Non<\/li>\n<\/ul>\n","protected":false},"excerpt":{"rendered":"<p>Porte cl\u00e9 champion magique nomm\u00e9 Fairy \ud83c\udf44 Tr\u00e8s jolie porte cl\u00e9 personnalis\u00e9 en forme de petit champion adorable et m\u00e9ga magique crochet\u00e9 \u00e0 la main et avec un fil 100% coton. \u00c0 propos de cet article : Mat\u00e9riaux : Fairy est fabriqu\u00e9 en mat\u00e9riaux respectueux \u00e0 l&rsquo;environnement dans la mesure o\u00f9 elles contiennent uniquement un [&hellip;]<\/p>\n","protected":false},"featured_media":5201,"comment_status":"open","ping_status":"closed","template":"","meta":{"site-sidebar-layout":"default","site-content-layout":"","ast-site-content-layout":"default","site-content-style":"default","site-sidebar-style":"default","ast-global-header-display":"","ast-banner-title-visibility":"","ast-main-header-display":"","ast-hfb-above-header-display":"","ast-hfb-below-header-display":"","ast-hfb-mobile-header-display":"","site-post-title":"","ast-breadcrumbs-content":"","ast-featured-img":"","footer-sml-layout":"","theme-transparent-header-meta":"default","adv-header-id-meta":"","stick-header-meta":"","header-above-stick-meta":"","header-main-stick-meta":"","header-below-stick-meta":"","astra-migrate-meta-layouts":"set","ast-page-background-enabled":"default","ast-page-background-meta":{"desktop":{"background-color":"","background-image":"","background-repeat":"repeat","background-position":"center center","background-size":"auto","background-attachment":"scroll","background-type":"","background-media":"","overlay-type":"","overlay-color":"","overlay-opacity":"","overlay-gradient":""},"tablet":{"background-color":"","background-image":"","background-repeat":"repeat","background-position":"center center","background-size":"auto","background-attachment":"scroll","background-type":"","background-media":"","overlay-type":"","overlay-color":"","overlay-opacity":"","overlay-gradient":""},"mobile":{"background-color":"","background-image":"","background-repeat":"repeat","background-position":"center center","background-size":"auto","background-attachment":"scroll","background-type":"","background-media":"","overlay-type":"","overlay-color":"","overlay-opacity":"","overlay-gradient":""}},"ast-content-background-meta":{"desktop":{"background-color":"var(--ast-global-color-5)","background-image":"","background-repeat":"repeat","background-position":"center center","background-size":"auto","background-attachment":"scroll","background-type":"","background-media":"","overlay-type":"","overlay-color":"","overlay-opacity":"","overlay-gradient":""},"tablet":{"background-color":"var(--ast-global-color-5)","background-image":"","background-repeat":"repeat","background-position":"center center","background-size":"auto","background-attachment":"scroll","background-type":"","background-media":"","overlay-type":"","overlay-color":"","overlay-opacity":"","overlay-gradient":""},"mobile":{"background-color":"var(--ast-global-color-5)","background-image":"","background-repeat":"repeat","background-position":"center center","background-size":"auto","background-attachment":"scroll","background-type":"","background-media":"","overlay-type":"","overlay-color":"","overlay-opacity":"","overlay-gradient":""}}},"product_brand":[],"product_cat":[277],"product_tag":[],"class_list":{"0":"post-5202","1":"product","2":"type-product","3":"status-publish","4":"has-post-thumbnail","6":"product_cat-bag-charms","7":"desktop-align-center","8":"tablet-align-left","9":"mobile-align-left","11":"first","12":"outofstock","13":"purchasable","14":"product-type-simple"},"jetpack_sharing_enabled":true,"_links":{"self":[{"href":"https:\/\/rababcreation.com\/index.php\/wp-json\/wp\/v2\/product\/5202","targetHints":{"allow":["GET"]}}],"collection":[{"href":"https:\/\/rababcreation.com\/index.php\/wp-json\/wp\/v2\/product"}],"about":[{"href":"https:\/\/rababcreation.com\/index.php\/wp-json\/wp\/v2\/types\/product"}],"replies":[{"embeddable":true,"href":"https:\/\/rababcreation.com\/index.php\/wp-json\/wp\/v2\/comments?post=5202"}],"version-history":[{"count":2,"href":"https:\/\/rababcreation.com\/index.php\/wp-json\/wp\/v2\/product\/5202\/revisions"}],"predecessor-version":[{"id":6289,"href":"https:\/\/rababcreation.com\/index.php\/wp-json\/wp\/v2\/product\/5202\/revisions\/6289"}],"wp:featuredmedia":[{"embeddable":true,"href":"https:\/\/rababcreation.com\/index.php\/wp-json\/wp\/v2\/media\/5201"}],"wp:attachment":[{"href":"https:\/\/rababcreation.com\/index.php\/wp-json\/wp\/v2\/media?parent=5202"}],"wp:term":[{"taxonomy":"product_brand","embeddable":true,"href":"https:\/\/rababcreation.com\/index.php\/wp-json\/wp\/v2\/product_brand?post=5202"},{"taxonomy":"product_cat","embeddable":true,"href":"https:\/\/rababcreation.com\/index.php\/wp-json\/wp\/v2\/product_cat?post=5202"},{"taxonomy":"product_tag","embeddable":true,"href":"https:\/\/rababcreation.com\/index.php\/wp-json\/wp\/v2\/product_tag?post=5202"}],"curies":[{"name":"wp","href":"https:\/\/api.w.org\/{rel}","templated":true}]}}