{"id":5222,"date":"2023-08-22T21:45:25","date_gmt":"2023-08-22T19:45:25","guid":{"rendered":"https:\/\/rababcreation.com\/index.php\/produit\/diana-marque-page-fleur\/"},"modified":"2023-10-10T17:40:36","modified_gmt":"2023-10-10T15:40:36","slug":"diana-marque-page-fleur","status":"publish","type":"product","link":"https:\/\/rababcreation.com\/index.php\/produit\/diana-marque-page-fleur\/","title":{"rendered":"Diana | Marque-page fleur"},"content":{"rendered":"<h3 data-pm-slice=\"1 1 []\" data-mce-fragment=\"1\">Marque pages en forme de plume nomm\u00e9\u00a0Dream<\/h3>\n<p dir=\"auto\" data-pm-slice=\"1 1 []\">Rendez la lecture sp\u00e9ciale avec\u00a0un marque page original !<\/p>\n<p dir=\"auto\" data-pm-slice=\"1 1 []\">Ajoutez une touche sp\u00e9ciale \u00e0 vos livres avec le marque page Dream ! Ces beaux marque-pages boh\u00e8mes sont crochet\u00e9s avec du fil 100% coton et sont disponibles en plusieurs nuances de couleurs.<\/p>\n<h3 class=\"product-facts-title\" data-mce-fragment=\"1\">\u00c0 propos de cet article :<\/h3>\n<ul class=\"a-unordered-list a-vertical a-spacing-small\" data-mce-fragment=\"1\">\n<li data-mce-fragment=\"1\"><span class=\"a-list-item a-size-base a-color-secondary\" data-mce-fragment=\"1\"><span data-mce-fragment=\"1\">Mat\u00e9riaux :<\/span><span data-mce-fragment=\"1\">\u00a0Dream\u00a0<\/span>est fabriqu\u00e9 en mat\u00e9riaux respectueux \u00e0 l&rsquo;environnement.<\/span><\/li>\n<\/ul>\n<ul class=\"a-unordered-list a-vertical a-spacing-small\" data-mce-fragment=\"1\">\n<li data-mce-fragment=\"1\"><span class=\"a-list-item a-size-base a-color-secondary\" data-mce-fragment=\"1\"><span data-mce-fragment=\"1\">Taille :<\/span><span data-mce-fragment=\"1\">\u00a0<\/span>En ce qui concerne la taille,\u00a0le marque page fait 14<strong data-mce-fragment=\"1\">cm<\/strong><span data-mce-fragment=\"1\">\u00a0<\/span>de longueur et<span data-mce-fragment=\"1\">\u00a0<strong>5.5<\/strong><\/span><strong data-mce-fragment=\"1\">cm<\/strong><span data-mce-fragment=\"1\">\u00a0<\/span>de largeur id\u00e9al pour un livre de poche mais aussi pour des livres A4<\/span><\/li>\n<li data-mce-fragment=\"1\"><span class=\"a-list-item a-size-base a-color-secondary\" data-mce-fragment=\"1\"><span data-mce-fragment=\"1\">Cadeau :<\/span><span data-mce-fragment=\"1\">\u00a0<\/span>la barrette est une superbe id\u00e9e de cadeau pour un anniversaire ou no\u00ebl ou juste pour se faire plaisir !<\/span><\/li>\n<\/ul>\n<h3 data-mce-fragment=\"1\"><span class=\"a-list-item a-size-base a-color-secondary\" data-mce-fragment=\"1\">Conseils d&rsquo;utilisations :<\/span><\/h3>\n<p data-mce-fragment=\"1\"><span class=\"a-list-item a-size-base a-color-secondary\" data-mce-fragment=\"1\">\u26a0\ufe0f Par ailleurs, l<\/span>es cr\u00e9ations en crochet sont fragiles et doivent \u00eatre manipul\u00e9es avec<strong data-mce-fragment=\"1\">\u00a0beaucoup de soin :<\/strong><\/p>\n<ul aria-labelledby=\"alternatives-heading\" data-mce-fragment=\"1\">\n<li class=\"lmt__translations_as_text__item\" data-mce-fragment=\"1\">Tenir \u00e0 l&rsquo;\u00e9cart de l&rsquo;eau,<\/li>\n<\/ul>\n<h3 data-mce-fragment=\"1\">\u00c0 savoir \u00e9galement :<\/h3>\n<div class=\"a-fixed-left-grid product-facts-detail\" data-mce-fragment=\"1\">\n<div class=\"a-fixed-left-grid-inner\" data-mce-fragment=\"1\">\n<div class=\"a-fixed-left-grid-col a-col-left\" data-mce-fragment=\"1\">\n<ul data-mce-fragment=\"1\">\n<li data-mce-fragment=\"1\"><span class=\"a-color-base a-text-bold\" data-mce-fragment=\"1\"><span data-mce-fragment=\"1\">Pays d&rsquo;origine :<\/span>\u00a0<\/span><span class=\"a-color-secondary\" data-mce-fragment=\"1\">France<\/span><\/li>\n<li data-mce-fragment=\"1\"><span class=\"a-color-secondary\" data-mce-fragment=\"1\"><span data-mce-fragment=\"1\">Fait main :<\/span>\u00a0Oui<\/span><\/li>\n<li data-mce-fragment=\"1\"><span class=\"a-color-secondary\" data-mce-fragment=\"1\"><span data-mce-fragment=\"1\">Personnalisable :<\/span>\u00a0Non<\/span><\/li>\n<li data-mce-fragment=\"1\"><span class=\"a-color-secondary\" data-mce-fragment=\"1\">Information : les couleurs des marque pages peuvent \u00eatre diff\u00e9rentes de ceux en photos<\/span><\/li>\n<\/ul>\n<\/div>\n<\/div>\n<\/div>\n","protected":false},"excerpt":{"rendered":"<p>Marque pages en forme de plume nomm\u00e9\u00a0Dream Rendez la lecture sp\u00e9ciale avec\u00a0un marque page original ! Ajoutez une touche sp\u00e9ciale \u00e0 vos livres avec le marque page Dream ! Ces beaux marque-pages boh\u00e8mes sont crochet\u00e9s avec du fil 100% coton et sont disponibles en plusieurs nuances de couleurs. \u00c0 propos de cet article : Mat\u00e9riaux [&hellip;]<\/p>\n","protected":false},"featured_media":5221,"comment_status":"open","ping_status":"closed","template":"","meta":{"site-sidebar-layout":"default","site-content-layout":"","ast-site-content-layout":"default","site-content-style":"default","site-sidebar-style":"default","ast-global-header-display":"","ast-banner-title-visibility":"","ast-main-header-display":"","ast-hfb-above-header-display":"","ast-hfb-below-header-display":"","ast-hfb-mobile-header-display":"","site-post-title":"","ast-breadcrumbs-content":"","ast-featured-img":"","footer-sml-layout":"","theme-transparent-header-meta":"default","adv-header-id-meta":"","stick-header-meta":"","header-above-stick-meta":"","header-main-stick-meta":"","header-below-stick-meta":"","astra-migrate-meta-layouts":"set","ast-page-background-enabled":"default","ast-page-background-meta":{"desktop":{"background-color":"","background-image":"","background-repeat":"repeat","background-position":"center center","background-size":"auto","background-attachment":"scroll","background-type":"","background-media":"","overlay-type":"","overlay-color":"","overlay-opacity":"","overlay-gradient":""},"tablet":{"background-color":"","background-image":"","background-repeat":"repeat","background-position":"center center","background-size":"auto","background-attachment":"scroll","background-type":"","background-media":"","overlay-type":"","overlay-color":"","overlay-opacity":"","overlay-gradient":""},"mobile":{"background-color":"","background-image":"","background-repeat":"repeat","background-position":"center center","background-size":"auto","background-attachment":"scroll","background-type":"","background-media":"","overlay-type":"","overlay-color":"","overlay-opacity":"","overlay-gradient":""}},"ast-content-background-meta":{"desktop":{"background-color":"var(--ast-global-color-5)","background-image":"","background-repeat":"repeat","background-position":"center center","background-size":"auto","background-attachment":"scroll","background-type":"","background-media":"","overlay-type":"","overlay-color":"","overlay-opacity":"","overlay-gradient":""},"tablet":{"background-color":"var(--ast-global-color-5)","background-image":"","background-repeat":"repeat","background-position":"center center","background-size":"auto","background-attachment":"scroll","background-type":"","background-media":"","overlay-type":"","overlay-color":"","overlay-opacity":"","overlay-gradient":""},"mobile":{"background-color":"var(--ast-global-color-5)","background-image":"","background-repeat":"repeat","background-position":"center center","background-size":"auto","background-attachment":"scroll","background-type":"","background-media":"","overlay-type":"","overlay-color":"","overlay-opacity":"","overlay-gradient":""}}},"product_brand":[],"product_cat":[283],"product_tag":[],"class_list":{"0":"post-5222","1":"product","2":"type-product","3":"status-publish","4":"has-post-thumbnail","6":"product_cat-bookmark","7":"desktop-align-center","8":"tablet-align-left","9":"mobile-align-left","11":"first","12":"outofstock","13":"featured","14":"purchasable","15":"product-type-variable"},"jetpack_sharing_enabled":true,"_links":{"self":[{"href":"https:\/\/rababcreation.com\/index.php\/wp-json\/wp\/v2\/product\/5222","targetHints":{"allow":["GET"]}}],"collection":[{"href":"https:\/\/rababcreation.com\/index.php\/wp-json\/wp\/v2\/product"}],"about":[{"href":"https:\/\/rababcreation.com\/index.php\/wp-json\/wp\/v2\/types\/product"}],"replies":[{"embeddable":true,"href":"https:\/\/rababcreation.com\/index.php\/wp-json\/wp\/v2\/comments?post=5222"}],"version-history":[{"count":1,"href":"https:\/\/rababcreation.com\/index.php\/wp-json\/wp\/v2\/product\/5222\/revisions"}],"predecessor-version":[{"id":6275,"href":"https:\/\/rababcreation.com\/index.php\/wp-json\/wp\/v2\/product\/5222\/revisions\/6275"}],"wp:featuredmedia":[{"embeddable":true,"href":"https:\/\/rababcreation.com\/index.php\/wp-json\/wp\/v2\/media\/5221"}],"wp:attachment":[{"href":"https:\/\/rababcreation.com\/index.php\/wp-json\/wp\/v2\/media?parent=5222"}],"wp:term":[{"taxonomy":"product_brand","embeddable":true,"href":"https:\/\/rababcreation.com\/index.php\/wp-json\/wp\/v2\/product_brand?post=5222"},{"taxonomy":"product_cat","embeddable":true,"href":"https:\/\/rababcreation.com\/index.php\/wp-json\/wp\/v2\/product_cat?post=5222"},{"taxonomy":"product_tag","embeddable":true,"href":"https:\/\/rababcreation.com\/index.php\/wp-json\/wp\/v2\/product_tag?post=5222"}],"curies":[{"name":"wp","href":"https:\/\/api.w.org\/{rel}","templated":true}]}}