{"id":5230,"date":"2023-08-22T21:45:28","date_gmt":"2023-08-22T19:45:28","guid":{"rendered":"https:\/\/rababcreation.com\/index.php\/produit\/bernard-porte-cle-colvert\/"},"modified":"2025-01-11T21:06:12","modified_gmt":"2025-01-11T20:06:12","slug":"bernard-porte-cle-colvert","status":"publish","type":"product","link":"https:\/\/rababcreation.com\/index.php\/produit\/bernard-porte-cle-colvert\/","title":{"rendered":"Bernard | Porte cl\u00e9 Colvert"},"content":{"rendered":"<p>Porte cl\u00e9 Colvert originale nomm\u00e9 Bernard \ud83e\udd86<\/p>\n<p>Tr\u00e8s jolie porte cl\u00e9 personnalis\u00e9 en forme de petit colvert adorable et m\u00e9ga\u00a0<strong>mignonne<\/strong>\u00a0crochet\u00e9s<strong>\u00a0\u00e0 la main<\/strong>\u00a0et avec un fil 100% coton.<\/p>\n<h3 class=\"product-facts-title\">\u00c0 propos de cet article :<\/h3>\n<ul class=\"a-unordered-list a-vertical a-spacing-small\">\n<li><span class=\"a-list-item a-size-base a-color-secondary\">Mat\u00e9riaux :\u00a0Bernard est\u00a0fabriqu\u00e9 en mat\u00e9riaux respectueux \u00e0 l&rsquo;environnement dans la mesure o\u00f9 elles contiennent uniquement un anneaux en\u00a0<strong>acier inoxydable<\/strong>\u00a0et un fils\u00a0<strong>en coton\u00a0<\/strong>comme mat\u00e9rieux .<\/span><\/li>\n<\/ul>\n<ul class=\"a-unordered-list a-vertical a-spacing-small\">\n<li><span class=\"a-list-item a-size-base a-color-secondary\">Taille :\u00a0En ce qui concerne la taille, le canard fait\u00a0<strong>\u00a04,5cm<\/strong>\u00a0de largeur et <strong>10cm<\/strong> de hauteur.\u00a0<\/span><\/li>\n<li><span class=\"a-list-item a-size-base a-color-secondary\">Cadeau :\u00a0le porte cl\u00e9 personnalis\u00e9 est une superbe id\u00e9e de cadeau pour un anniversaire ou no\u00ebl ou juste pour ce faire plaisir !<\/span><\/li>\n<\/ul>\n<h3><span class=\"a-list-item a-size-base a-color-secondary\">Conseils d&rsquo;utilisations :<\/span><\/h3>\n<p><span class=\"a-list-item a-size-base a-color-secondary\">\u26a0\ufe0f Par ailleurs, l<\/span>es cr\u00e9ations en crochet sont fragiles et doivent \u00eatre manipul\u00e9es avec<strong>\u00a0beaucoup de soin :<\/strong><\/p>\n<ul aria-labelledby=\"alternatives-heading\">\n<li class=\"lmt__translations_as_text__item\">Tenir \u00e0 l&rsquo;\u00e9cart de l&rsquo;eau<\/li>\n<\/ul>\n<h3>\u00c0 savoir \u00e9galement :<\/h3>\n<div class=\"a-fixed-left-grid product-facts-detail\">\n<div class=\"a-fixed-left-grid-inner\">\n<div class=\"a-fixed-left-grid-col a-col-left\">\n<ul>\n<li><span class=\"a-color-base a-text-bold\">Pays d&rsquo;origine :\u00a0<\/span><span class=\"a-color-secondary\">France<\/span><\/li>\n<li><span class=\"a-color-secondary\">Fait main :\u00a0Oui<\/span><\/li>\n<li><span class=\"a-color-secondary\">Personnalisable :\u00a0Oui<\/span><\/li>\n<\/ul>\n<\/div>\n<\/div>\n<\/div>\n","protected":false},"excerpt":{"rendered":"<p>Porte cl\u00e9 Colvert originale nomm\u00e9 Bernard \ud83e\udd86 Tr\u00e8s jolie porte cl\u00e9 personnalis\u00e9 en forme de petit colvert adorable et m\u00e9ga\u00a0mignonne\u00a0crochet\u00e9s\u00a0\u00e0 la main\u00a0et avec un fil 100% coton. \u00c0 propos de cet article : Mat\u00e9riaux :\u00a0Bernard est\u00a0fabriqu\u00e9 en mat\u00e9riaux respectueux \u00e0 l&rsquo;environnement dans la mesure o\u00f9 elles contiennent uniquement un anneaux en\u00a0acier inoxydable\u00a0et un fils\u00a0en coton\u00a0comme [&hellip;]<\/p>\n","protected":false},"featured_media":5229,"comment_status":"open","ping_status":"closed","template":"","meta":{"site-sidebar-layout":"default","site-content-layout":"","ast-site-content-layout":"default","site-content-style":"default","site-sidebar-style":"default","ast-global-header-display":"","ast-banner-title-visibility":"","ast-main-header-display":"","ast-hfb-above-header-display":"","ast-hfb-below-header-display":"","ast-hfb-mobile-header-display":"","site-post-title":"","ast-breadcrumbs-content":"","ast-featured-img":"","footer-sml-layout":"","theme-transparent-header-meta":"default","adv-header-id-meta":"","stick-header-meta":"","header-above-stick-meta":"","header-main-stick-meta":"","header-below-stick-meta":"","astra-migrate-meta-layouts":"set","ast-page-background-enabled":"default","ast-page-background-meta":{"desktop":{"background-color":"","background-image":"","background-repeat":"repeat","background-position":"center center","background-size":"auto","background-attachment":"scroll","background-type":"","background-media":"","overlay-type":"","overlay-color":"","overlay-opacity":"","overlay-gradient":""},"tablet":{"background-color":"","background-image":"","background-repeat":"repeat","background-position":"center center","background-size":"auto","background-attachment":"scroll","background-type":"","background-media":"","overlay-type":"","overlay-color":"","overlay-opacity":"","overlay-gradient":""},"mobile":{"background-color":"","background-image":"","background-repeat":"repeat","background-position":"center center","background-size":"auto","background-attachment":"scroll","background-type":"","background-media":"","overlay-type":"","overlay-color":"","overlay-opacity":"","overlay-gradient":""}},"ast-content-background-meta":{"desktop":{"background-color":"var(--ast-global-color-5)","background-image":"","background-repeat":"repeat","background-position":"center center","background-size":"auto","background-attachment":"scroll","background-type":"","background-media":"","overlay-type":"","overlay-color":"","overlay-opacity":"","overlay-gradient":""},"tablet":{"background-color":"var(--ast-global-color-5)","background-image":"","background-repeat":"repeat","background-position":"center center","background-size":"auto","background-attachment":"scroll","background-type":"","background-media":"","overlay-type":"","overlay-color":"","overlay-opacity":"","overlay-gradient":""},"mobile":{"background-color":"var(--ast-global-color-5)","background-image":"","background-repeat":"repeat","background-position":"center center","background-size":"auto","background-attachment":"scroll","background-type":"","background-media":"","overlay-type":"","overlay-color":"","overlay-opacity":"","overlay-gradient":""}}},"product_brand":[],"product_cat":[277],"product_tag":[70,71,72,73,74,75,76,77,78,79,80,81,82],"class_list":{"0":"post-5230","1":"product","2":"type-product","3":"status-publish","4":"has-post-thumbnail","6":"product_cat-bag-charms","7":"product_tag-bijou_dere","8":"product_tag-bijou_dete_jaune","9":"product_tag-bijou_tournesol","10":"product_tag-boucles_boheme_sunflower","11":"product_tag-boucles_doreilles_fleur","12":"product_tag-boucles_sunflower","13":"product_tag-cadeau_bijou_fleuri_coton","14":"product_tag-creation_sunflower","15":"product_tag-crochet_sunflower","16":"product_tag-florals","17":"product_tag-rababcreation","18":"product_tag-sunny","19":"product_tag-yellow_earrings","20":"desktop-align-center","21":"tablet-align-left","22":"mobile-align-left","24":"first","25":"outofstock","26":"purchasable","27":"product-type-simple"},"jetpack_sharing_enabled":true,"_links":{"self":[{"href":"https:\/\/rababcreation.com\/index.php\/wp-json\/wp\/v2\/product\/5230","targetHints":{"allow":["GET"]}}],"collection":[{"href":"https:\/\/rababcreation.com\/index.php\/wp-json\/wp\/v2\/product"}],"about":[{"href":"https:\/\/rababcreation.com\/index.php\/wp-json\/wp\/v2\/types\/product"}],"replies":[{"embeddable":true,"href":"https:\/\/rababcreation.com\/index.php\/wp-json\/wp\/v2\/comments?post=5230"}],"version-history":[{"count":2,"href":"https:\/\/rababcreation.com\/index.php\/wp-json\/wp\/v2\/product\/5230\/revisions"}],"predecessor-version":[{"id":6267,"href":"https:\/\/rababcreation.com\/index.php\/wp-json\/wp\/v2\/product\/5230\/revisions\/6267"}],"wp:featuredmedia":[{"embeddable":true,"href":"https:\/\/rababcreation.com\/index.php\/wp-json\/wp\/v2\/media\/5229"}],"wp:attachment":[{"href":"https:\/\/rababcreation.com\/index.php\/wp-json\/wp\/v2\/media?parent=5230"}],"wp:term":[{"taxonomy":"product_brand","embeddable":true,"href":"https:\/\/rababcreation.com\/index.php\/wp-json\/wp\/v2\/product_brand?post=5230"},{"taxonomy":"product_cat","embeddable":true,"href":"https:\/\/rababcreation.com\/index.php\/wp-json\/wp\/v2\/product_cat?post=5230"},{"taxonomy":"product_tag","embeddable":true,"href":"https:\/\/rababcreation.com\/index.php\/wp-json\/wp\/v2\/product_tag?post=5230"}],"curies":[{"name":"wp","href":"https:\/\/api.w.org\/{rel}","templated":true}]}}