{"id":5308,"date":"2023-08-22T21:47:10","date_gmt":"2023-08-22T19:47:10","guid":{"rendered":"https:\/\/rababcreation.com\/index.php\/produit\/lili-boucles-doreilles-fleur-violette\/"},"modified":"2025-01-29T21:54:48","modified_gmt":"2025-01-29T20:54:48","slug":"lili-boucles-doreilles-fleur-violette","status":"publish","type":"product","link":"https:\/\/rababcreation.com\/index.php\/produit\/lili-boucles-doreilles-fleur-violette\/","title":{"rendered":"Lili | Boucles d&rsquo;oreilles fleur violette"},"content":{"rendered":"<p>Boucle d&rsquo;oreilles fleurs violettes nomm\u00e9e Lili \ud83c\udf6d<\/p>\n<p>Tr\u00e8s jolie bijou en forme de fleur en deux nuances de violet m\u00e9ga\u00a0<strong>mignon<\/strong>\u00a0crochet\u00e9s<strong>\u00a0\u00e0 la main<\/strong>\u00a0et avec un fil 100% coton.<\/p>\n<p>Elles conviennent avec tous type de tenue, casual \/\u00a0<strong>original<\/strong>\u00a0ou vintage et de plus elles donneront une touche de couleur \u00e0 votre look.<\/p>\n<h3 class=\"product-facts-title\">\u00c0 propos de cet article :<\/h3>\n<ul class=\"a-unordered-list a-vertical a-spacing-small\">\n<li><span class=\"a-list-item a-size-base a-color-secondary\">Mat\u00e9riaux :\u00a0Les fleurs sont fabriqu\u00e9es en mat\u00e9riaux respectueux \u00e0 l&rsquo;environnement dans la mesure o\u00f9 elles contiennent uniquement un crochet en\u00a0<strong>acier inoxydable<\/strong>\u00a0et un fils\u00a0<strong>en coton\u00a0<\/strong>comme mat\u00e9rieux .<\/span><\/li>\n<\/ul>\n<ul class=\"a-unordered-list a-vertical a-spacing-small\">\n<li><span class=\"a-list-item a-size-base a-color-secondary\">Crochet d&rsquo;oreille\u00a0:\u00a0nous proposons des crochets d&rsquo;oreilles en<strong>\u00a0acier inoxydable<\/strong>\u00a0et de qualit\u00e9 sup\u00e9rieure.<\/span><\/li>\n<\/ul>\n<ul class=\"a-unordered-list a-vertical a-spacing-small\">\n<li><span class=\"a-list-item a-size-base a-color-secondary\">Taille :\u00a0En ce qui concerne la taille, les boucles d\u2019oreilles font<strong>\u00a03 cm<\/strong>\u00a0de largeur et de hauteur. Elles sont l\u00e9g\u00e8res de fa\u00e7on \u00e0 ce qu&rsquo;elle ne p\u00e8sent pas sur les oreilles.<\/span><\/li>\n<li><span class=\"a-list-item a-size-base a-color-secondary\">Cadeau :\u00a0le bijou est une superbe id\u00e9e de cadeau pour un anniversaire ou no\u00ebl ou juste pour ce faire plaisir !<\/span><\/li>\n<\/ul>\n<h3><span class=\"a-list-item a-size-base a-color-secondary\">Conseils d&rsquo;utilisations :<\/span><\/h3>\n<p><span class=\"a-list-item a-size-base a-color-secondary\">\u26a0\ufe0f Par ailleurs, l<\/span>es cr\u00e9ations en crochet sont fragiles et doivent \u00eatre manipul\u00e9es avec<strong>\u00a0beaucoup de soin :<\/strong><\/p>\n<ul aria-labelledby=\"alternatives-heading\">\n<li class=\"lmt__translations_as_text__item\">Tenir \u00e0 l&rsquo;\u00e9cart de l&rsquo;eau,<\/li>\n<li class=\"lmt__translations_as_text__item\">ranger s\u00e9par\u00e9ment dans une bo\u00eete \u00e0 bijoux \u00e0 l&rsquo;air libre,<\/li>\n<li class=\"lmt__translations_as_text__item\">Les boucles viendront dans une jolie\u00a0<strong>pochette en organza<\/strong>\u00a0bien prot\u00e9g\u00e9es \ud83d\udc4c<\/li>\n<\/ul>\n<h3>\u00c0 savoir \u00e9galement :<\/h3>\n<div class=\"a-fixed-left-grid product-facts-detail\">\n<div class=\"a-fixed-left-grid-inner\">\n<div class=\"a-fixed-left-grid-col a-col-left\">\n<ul>\n<li><span class=\"a-color-base a-text-bold\">Pays d&rsquo;origine :\u00a0<\/span><span class=\"a-color-secondary\">France<\/span><\/li>\n<li><span class=\"a-color-secondary\">Fait main :\u00a0Oui<\/span><\/li>\n<li><span class=\"a-color-secondary\">Personnalisable :\u00a0Non<\/span><\/li>\n<\/ul>\n<\/div>\n<\/div>\n<\/div>\n","protected":false},"excerpt":{"rendered":"<p>Boucle d&rsquo;oreilles fleurs violettes nomm\u00e9e Lili \ud83c\udf6d Tr\u00e8s jolie bijou en forme de fleur en deux nuances de violet m\u00e9ga\u00a0mignon\u00a0crochet\u00e9s\u00a0\u00e0 la main\u00a0et avec un fil 100% coton. Elles conviennent avec tous type de tenue, casual \/\u00a0original\u00a0ou vintage et de plus elles donneront une touche de couleur \u00e0 votre look. \u00c0 propos de cet article : [&hellip;]<\/p>\n","protected":false},"featured_media":5307,"comment_status":"open","ping_status":"closed","template":"","meta":{"site-sidebar-layout":"default","site-content-layout":"","ast-site-content-layout":"default","site-content-style":"default","site-sidebar-style":"default","ast-global-header-display":"","ast-banner-title-visibility":"","ast-main-header-display":"","ast-hfb-above-header-display":"","ast-hfb-below-header-display":"","ast-hfb-mobile-header-display":"","site-post-title":"","ast-breadcrumbs-content":"","ast-featured-img":"","footer-sml-layout":"","theme-transparent-header-meta":"default","adv-header-id-meta":"","stick-header-meta":"","header-above-stick-meta":"","header-main-stick-meta":"","header-below-stick-meta":"","astra-migrate-meta-layouts":"set","ast-page-background-enabled":"default","ast-page-background-meta":{"desktop":{"background-color":"","background-image":"","background-repeat":"repeat","background-position":"center center","background-size":"auto","background-attachment":"scroll","background-type":"","background-media":"","overlay-type":"","overlay-color":"","overlay-opacity":"","overlay-gradient":""},"tablet":{"background-color":"","background-image":"","background-repeat":"repeat","background-position":"center center","background-size":"auto","background-attachment":"scroll","background-type":"","background-media":"","overlay-type":"","overlay-color":"","overlay-opacity":"","overlay-gradient":""},"mobile":{"background-color":"","background-image":"","background-repeat":"repeat","background-position":"center center","background-size":"auto","background-attachment":"scroll","background-type":"","background-media":"","overlay-type":"","overlay-color":"","overlay-opacity":"","overlay-gradient":""}},"ast-content-background-meta":{"desktop":{"background-color":"var(--ast-global-color-5)","background-image":"","background-repeat":"repeat","background-position":"center center","background-size":"auto","background-attachment":"scroll","background-type":"","background-media":"","overlay-type":"","overlay-color":"","overlay-opacity":"","overlay-gradient":""},"tablet":{"background-color":"var(--ast-global-color-5)","background-image":"","background-repeat":"repeat","background-position":"center center","background-size":"auto","background-attachment":"scroll","background-type":"","background-media":"","overlay-type":"","overlay-color":"","overlay-opacity":"","overlay-gradient":""},"mobile":{"background-color":"var(--ast-global-color-5)","background-image":"","background-repeat":"repeat","background-position":"center center","background-size":"auto","background-attachment":"scroll","background-type":"","background-media":"","overlay-type":"","overlay-color":"","overlay-opacity":"","overlay-gradient":""}}},"product_brand":[],"product_cat":[276],"product_tag":[70,71,72,73,74,75,76,77,78,79,80,81,82],"class_list":{"0":"post-5308","1":"product","2":"type-product","3":"status-publish","4":"has-post-thumbnail","6":"product_cat-boucles-doreilles","7":"product_tag-bijou_dere","8":"product_tag-bijou_dete_jaune","9":"product_tag-bijou_tournesol","10":"product_tag-boucles_boheme_sunflower","11":"product_tag-boucles_doreilles_fleur","12":"product_tag-boucles_sunflower","13":"product_tag-cadeau_bijou_fleuri_coton","14":"product_tag-creation_sunflower","15":"product_tag-crochet_sunflower","16":"product_tag-florals","17":"product_tag-rababcreation","18":"product_tag-sunny","19":"product_tag-yellow_earrings","20":"desktop-align-center","21":"tablet-align-left","22":"mobile-align-left","24":"first","25":"instock","26":"sale","27":"purchasable","28":"product-type-variable"},"jetpack_sharing_enabled":true,"_links":{"self":[{"href":"https:\/\/rababcreation.com\/index.php\/wp-json\/wp\/v2\/product\/5308","targetHints":{"allow":["GET"]}}],"collection":[{"href":"https:\/\/rababcreation.com\/index.php\/wp-json\/wp\/v2\/product"}],"about":[{"href":"https:\/\/rababcreation.com\/index.php\/wp-json\/wp\/v2\/types\/product"}],"replies":[{"embeddable":true,"href":"https:\/\/rababcreation.com\/index.php\/wp-json\/wp\/v2\/comments?post=5308"}],"version-history":[{"count":1,"href":"https:\/\/rababcreation.com\/index.php\/wp-json\/wp\/v2\/product\/5308\/revisions"}],"predecessor-version":[{"id":6211,"href":"https:\/\/rababcreation.com\/index.php\/wp-json\/wp\/v2\/product\/5308\/revisions\/6211"}],"wp:featuredmedia":[{"embeddable":true,"href":"https:\/\/rababcreation.com\/index.php\/wp-json\/wp\/v2\/media\/5307"}],"wp:attachment":[{"href":"https:\/\/rababcreation.com\/index.php\/wp-json\/wp\/v2\/media?parent=5308"}],"wp:term":[{"taxonomy":"product_brand","embeddable":true,"href":"https:\/\/rababcreation.com\/index.php\/wp-json\/wp\/v2\/product_brand?post=5308"},{"taxonomy":"product_cat","embeddable":true,"href":"https:\/\/rababcreation.com\/index.php\/wp-json\/wp\/v2\/product_cat?post=5308"},{"taxonomy":"product_tag","embeddable":true,"href":"https:\/\/rababcreation.com\/index.php\/wp-json\/wp\/v2\/product_tag?post=5308"}],"curies":[{"name":"wp","href":"https:\/\/api.w.org\/{rel}","templated":true}]}}