{"id":5368,"date":"2023-08-22T21:48:01","date_gmt":"2023-08-22T19:48:01","guid":{"rendered":"https:\/\/rababcreation.com\/index.php\/produit\/gino-barrette-de-cheveux-en-forme-de-grenouille\/"},"modified":"2025-01-29T21:57:16","modified_gmt":"2025-01-29T20:57:16","slug":"gino-barrette-de-cheveux-en-forme-de-grenouille","status":"publish","type":"product","link":"https:\/\/rababcreation.com\/index.php\/produit\/gino-barrette-de-cheveux-en-forme-de-grenouille\/","title":{"rendered":"Gino | Barrette de cheveux en forme de grenouille"},"content":{"rendered":"<h3 data-pm-slice=\"1 1 []\">Barrette\u00a0en forme de grenouille nomm\u00e9e Gino \ud83d\udc38<\/h3>\n<p>Pour les fans des animaux et du kawaii cette barrette est faite pour vous.<\/p>\n<p>Tr\u00e8s joli accessoire pour cheveux en forme de <strong>Grenouille<\/strong>\u00a0m\u00e9ga\u00a0<strong>mignon<\/strong>\u00a0crochet\u00e9<strong>\u00a0\u00e0 la main<\/strong>\u00a0et avec un fil 100% coton.<\/p>\n<p>Elles conviennent avec tous type de tenue, <strong>casual<\/strong> \/\u00a0<strong>original<\/strong>\u00a0ou <strong>vintage<\/strong> et elles vont ajouter une touche de\u00a0fun \u00e0 votre look.<\/p>\n<h3 class=\"product-facts-title\">\u00c0 propos de cet article :<\/h3>\n<ul class=\"a-unordered-list a-vertical a-spacing-small\">\n<li><span class=\"a-list-item a-size-base a-color-secondary\">Mat\u00e9riaux :\u00a0La barrette chat est fabriqu\u00e9e en mat\u00e9riaux respectueux \u00e0 l&rsquo;environnement.<\/span><\/li>\n<\/ul>\n<ul class=\"a-unordered-list a-vertical a-spacing-small\">\n<li><span class=\"a-list-item a-size-base a-color-secondary\">Taille :\u00a0En ce qui concerne la taille,\u00a0la barrette\u00a0fait\u00a0<strong>\u00a08.5cm<\/strong>\u00a0de longueur et <strong>4cm<\/strong> de largeur.\u00a0<\/span><\/li>\n<li><span class=\"a-list-item a-size-base a-color-secondary\">Cadeau :\u00a0la barrette est une superbe id\u00e9e de cadeau pour un anniversaire ou no\u00ebl ou juste pour se faire plaisir !<\/span><\/li>\n<\/ul>\n<h3><span class=\"a-list-item a-size-base a-color-secondary\">Conseils d&rsquo;utilisations :<\/span><\/h3>\n<p><span class=\"a-list-item a-size-base a-color-secondary\">\u26a0\ufe0f Par ailleurs, l<\/span>es cr\u00e9ations en crochet sont fragiles et doivent \u00eatre manipul\u00e9es avec<strong>\u00a0beaucoup de soin :<\/strong><\/p>\n<ul aria-labelledby=\"alternatives-heading\">\n<li class=\"lmt__translations_as_text__item\">Tenir \u00e0 l&rsquo;\u00e9cart de l&rsquo;eau,<\/li>\n<li class=\"lmt__translations_as_text__item\">ranger s\u00e9par\u00e9ment dans une bo\u00eete \u00e0 bijoux \u00e0 l&rsquo;air libre,<\/li>\n<li class=\"lmt__translations_as_text__item\">Les boucles viendront dans une jolie\u00a0<strong>pochette en organza<\/strong>\u00a0bien prot\u00e9g\u00e9es \ud83d\udc4c<\/li>\n<\/ul>\n<h3>\u00c0 savoir \u00e9galement :<\/h3>\n<div class=\"a-fixed-left-grid product-facts-detail\">\n<div class=\"a-fixed-left-grid-inner\">\n<div class=\"a-fixed-left-grid-col a-col-left\">\n<ul>\n<li><span class=\"a-color-base a-text-bold\">Pays d&rsquo;origine :\u00a0<\/span><span class=\"a-color-secondary\">France<\/span><\/li>\n<li><span class=\"a-color-secondary\">Fait main :\u00a0Oui<\/span><\/li>\n<li><span class=\"a-color-secondary\">Personnalisable :\u00a0Non<\/span><\/li>\n<li><span class=\"a-color-secondary\">Info : la barrette est vendue unitairement<\/span><\/li>\n<\/ul>\n<\/div>\n<\/div>\n<\/div>\n","protected":false},"excerpt":{"rendered":"<p>Barrette\u00a0en forme de grenouille nomm\u00e9e Gino \ud83d\udc38 Pour les fans des animaux et du kawaii cette barrette est faite pour vous. Tr\u00e8s joli accessoire pour cheveux en forme de Grenouille\u00a0m\u00e9ga\u00a0mignon\u00a0crochet\u00e9\u00a0\u00e0 la main\u00a0et avec un fil 100% coton. Elles conviennent avec tous type de tenue, casual \/\u00a0original\u00a0ou vintage et elles vont ajouter une touche de\u00a0fun \u00e0 [&hellip;]<\/p>\n","protected":false},"featured_media":5367,"comment_status":"open","ping_status":"closed","template":"","meta":{"site-sidebar-layout":"default","site-content-layout":"","ast-site-content-layout":"default","site-content-style":"default","site-sidebar-style":"default","ast-global-header-display":"","ast-banner-title-visibility":"","ast-main-header-display":"","ast-hfb-above-header-display":"","ast-hfb-below-header-display":"","ast-hfb-mobile-header-display":"","site-post-title":"","ast-breadcrumbs-content":"","ast-featured-img":"","footer-sml-layout":"","theme-transparent-header-meta":"default","adv-header-id-meta":"","stick-header-meta":"","header-above-stick-meta":"","header-main-stick-meta":"","header-below-stick-meta":"","astra-migrate-meta-layouts":"set","ast-page-background-enabled":"default","ast-page-background-meta":{"desktop":{"background-color":"","background-image":"","background-repeat":"repeat","background-position":"center center","background-size":"auto","background-attachment":"scroll","background-type":"","background-media":"","overlay-type":"","overlay-color":"","overlay-opacity":"","overlay-gradient":""},"tablet":{"background-color":"","background-image":"","background-repeat":"repeat","background-position":"center center","background-size":"auto","background-attachment":"scroll","background-type":"","background-media":"","overlay-type":"","overlay-color":"","overlay-opacity":"","overlay-gradient":""},"mobile":{"background-color":"","background-image":"","background-repeat":"repeat","background-position":"center center","background-size":"auto","background-attachment":"scroll","background-type":"","background-media":"","overlay-type":"","overlay-color":"","overlay-opacity":"","overlay-gradient":""}},"ast-content-background-meta":{"desktop":{"background-color":"var(--ast-global-color-5)","background-image":"","background-repeat":"repeat","background-position":"center center","background-size":"auto","background-attachment":"scroll","background-type":"","background-media":"","overlay-type":"","overlay-color":"","overlay-opacity":"","overlay-gradient":""},"tablet":{"background-color":"var(--ast-global-color-5)","background-image":"","background-repeat":"repeat","background-position":"center center","background-size":"auto","background-attachment":"scroll","background-type":"","background-media":"","overlay-type":"","overlay-color":"","overlay-opacity":"","overlay-gradient":""},"mobile":{"background-color":"var(--ast-global-color-5)","background-image":"","background-repeat":"repeat","background-position":"center center","background-size":"auto","background-attachment":"scroll","background-type":"","background-media":"","overlay-type":"","overlay-color":"","overlay-opacity":"","overlay-gradient":""}}},"product_brand":[],"product_cat":[275],"product_tag":[],"class_list":{"0":"post-5368","1":"product","2":"type-product","3":"status-publish","4":"has-post-thumbnail","6":"product_cat-barrettes","7":"desktop-align-center","8":"tablet-align-left","9":"mobile-align-left","11":"first","12":"instock","13":"featured","14":"purchasable","15":"product-type-simple"},"jetpack_sharing_enabled":true,"_links":{"self":[{"href":"https:\/\/rababcreation.com\/index.php\/wp-json\/wp\/v2\/product\/5368","targetHints":{"allow":["GET"]}}],"collection":[{"href":"https:\/\/rababcreation.com\/index.php\/wp-json\/wp\/v2\/product"}],"about":[{"href":"https:\/\/rababcreation.com\/index.php\/wp-json\/wp\/v2\/types\/product"}],"replies":[{"embeddable":true,"href":"https:\/\/rababcreation.com\/index.php\/wp-json\/wp\/v2\/comments?post=5368"}],"version-history":[{"count":1,"href":"https:\/\/rababcreation.com\/index.php\/wp-json\/wp\/v2\/product\/5368\/revisions"}],"predecessor-version":[{"id":6155,"href":"https:\/\/rababcreation.com\/index.php\/wp-json\/wp\/v2\/product\/5368\/revisions\/6155"}],"wp:featuredmedia":[{"embeddable":true,"href":"https:\/\/rababcreation.com\/index.php\/wp-json\/wp\/v2\/media\/5367"}],"wp:attachment":[{"href":"https:\/\/rababcreation.com\/index.php\/wp-json\/wp\/v2\/media?parent=5368"}],"wp:term":[{"taxonomy":"product_brand","embeddable":true,"href":"https:\/\/rababcreation.com\/index.php\/wp-json\/wp\/v2\/product_brand?post=5368"},{"taxonomy":"product_cat","embeddable":true,"href":"https:\/\/rababcreation.com\/index.php\/wp-json\/wp\/v2\/product_cat?post=5368"},{"taxonomy":"product_tag","embeddable":true,"href":"https:\/\/rababcreation.com\/index.php\/wp-json\/wp\/v2\/product_tag?post=5368"}],"curies":[{"name":"wp","href":"https:\/\/api.w.org\/{rel}","templated":true}]}}