{"id":5434,"date":"2023-08-22T21:51:08","date_gmt":"2023-08-22T19:51:08","guid":{"rendered":"https:\/\/rababcreation.com\/index.php\/produit\/vivi-barrette-de-trois-petites-fleurs-dans-les-nuances-de-violet\/"},"modified":"2024-11-26T07:54:52","modified_gmt":"2024-11-26T06:54:52","slug":"vivi-barrette-de-trois-petites-fleurs-dans-les-nuances-de-violet","status":"publish","type":"product","link":"https:\/\/rababcreation.com\/index.php\/produit\/vivi-barrette-de-trois-petites-fleurs-dans-les-nuances-de-violet\/","title":{"rendered":"Vivi | Barrette de trois petites fleurs dans les nuances de violet"},"content":{"rendered":"<h3 data-pm-slice=\"1 1 []\" data-mce-fragment=\"1\">Barrette\u00a0en forme de\u00a0petites fleurs nomm\u00e9e\u00a0<strong data-mce-fragment=\"1\">Vivi \ud83c\udf38<\/strong><\/h3>\n<p data-mce-fragment=\"1\">Tr\u00e8s joli accessoire pour vos cheveux en forme de trois petites fleurs dans les nuances de violet m\u00e9ga\u00a0<strong data-mce-fragment=\"1\">mignonnes<\/strong>\u00a0crochet\u00e9s<strong data-mce-fragment=\"1\">\u00a0\u00e0 la main<\/strong>\u00a0et avec un fil 100% coton.<\/p>\n<p data-mce-fragment=\"1\">Elles conviennent avec tous type de tenue, casual \/\u00a0<strong data-mce-fragment=\"1\">original<\/strong><span data-mce-fragment=\"1\">\u00a0<\/span>ou vintage et de plus elles donneront une touche de couleur \u00e0 votre look.<\/p>\n<h3 class=\"product-facts-title\" data-mce-fragment=\"1\">\u00c0 propos de cet article :<\/h3>\n<ul class=\"a-unordered-list a-vertical a-spacing-small\" data-mce-fragment=\"1\">\n<li data-mce-fragment=\"1\"><span class=\"a-list-item a-size-base a-color-secondary\" data-mce-fragment=\"1\"><span data-mce-fragment=\"1\">Mat\u00e9riaux :<\/span><span data-mce-fragment=\"1\">\u00a0<\/span>La barrette\u00a0de fleurs est fabriqu\u00e9e en mat\u00e9riaux respectueux \u00e0 l&rsquo;environnement.<\/span><\/li>\n<\/ul>\n<ul class=\"a-unordered-list a-vertical a-spacing-small\" data-mce-fragment=\"1\">\n<li data-mce-fragment=\"1\"><span class=\"a-list-item a-size-base a-color-secondary\" data-mce-fragment=\"1\"><span data-mce-fragment=\"1\">Taille :<\/span><span data-mce-fragment=\"1\">\u00a0<\/span>En ce qui concerne la taille,\u00a0la barrette\u00a0fait\u00a0<strong data-mce-fragment=\"1\">\u00a09 cm<\/strong><span data-mce-fragment=\"1\">\u00a0<\/span>de longueur et<span data-mce-fragment=\"1\">\u00a0<\/span><strong data-mce-fragment=\"1\">4.5 cm<\/strong><span data-mce-fragment=\"1\">\u00a0<\/span>de largeur.\u00a0<\/span><\/li>\n<li data-mce-fragment=\"1\"><span class=\"a-list-item a-size-base a-color-secondary\" data-mce-fragment=\"1\"><span data-mce-fragment=\"1\">Cadeau :<\/span><span data-mce-fragment=\"1\">\u00a0<\/span>la barrette est une superbe id\u00e9e de cadeau pour un anniversaire ou no\u00ebl ou juste pour ce faire plaisir !<\/span><\/li>\n<\/ul>\n<h3 data-mce-fragment=\"1\"><span class=\"a-list-item a-size-base a-color-secondary\" data-mce-fragment=\"1\">Conseils d&rsquo;utilisations :<\/span><\/h3>\n<p data-mce-fragment=\"1\"><span class=\"a-list-item a-size-base a-color-secondary\" data-mce-fragment=\"1\">\u26a0\ufe0f Par ailleurs, l<\/span>es cr\u00e9ations en crochet sont fragiles et doivent \u00eatre manipul\u00e9es avec<strong data-mce-fragment=\"1\">\u00a0beaucoup de soin :<\/strong><\/p>\n<ul aria-labelledby=\"alternatives-heading\" data-mce-fragment=\"1\">\n<li class=\"lmt__translations_as_text__item\" data-mce-fragment=\"1\">Tenir \u00e0 l&rsquo;\u00e9cart de l&rsquo;eau,<\/li>\n<li class=\"lmt__translations_as_text__item\" data-mce-fragment=\"1\">ranger s\u00e9par\u00e9ment dans une bo\u00eete \u00e0 bijoux \u00e0 l&rsquo;air libre,<\/li>\n<li class=\"lmt__translations_as_text__item\" data-mce-fragment=\"1\">\n<p data-mce-fragment=\"1\">Les boucles viendront dans une jolie\u00a0<strong data-mce-fragment=\"1\">pochette en organza<\/strong>\u00a0bien prot\u00e9g\u00e9es \ud83d\udc4c<\/p>\n<\/li>\n<\/ul>\n<h3 data-mce-fragment=\"1\">\u00c0 savoir \u00e9galement :<\/h3>\n<div class=\"a-fixed-left-grid product-facts-detail\" data-mce-fragment=\"1\">\n<div class=\"a-fixed-left-grid-inner\" data-mce-fragment=\"1\">\n<div class=\"a-fixed-left-grid-col a-col-left\" data-mce-fragment=\"1\">\n<ul data-mce-fragment=\"1\">\n<li data-mce-fragment=\"1\"><span class=\"a-color-base a-text-bold\" data-mce-fragment=\"1\"><span data-mce-fragment=\"1\">Pays d&rsquo;origine :<\/span>\u00a0<\/span><span class=\"a-color-secondary\" data-mce-fragment=\"1\">France<\/span><\/li>\n<li data-mce-fragment=\"1\"><span class=\"a-color-secondary\" data-mce-fragment=\"1\"><span data-mce-fragment=\"1\">Fait main :<\/span>\u00a0Oui<\/span><\/li>\n<li data-mce-fragment=\"1\"><span class=\"a-color-secondary\" data-mce-fragment=\"1\"><span data-mce-fragment=\"1\">Personnalisable :<\/span>\u00a0Non<\/span><\/li>\n<li data-mce-fragment=\"1\"><span class=\"a-color-secondary\" data-mce-fragment=\"1\">Info : la barrette est vendue unitairement<\/span><\/li>\n<\/ul>\n<\/div>\n<\/div>\n<\/div>\n","protected":false},"excerpt":{"rendered":"<p>Barrette\u00a0en forme de\u00a0petites fleurs nomm\u00e9e\u00a0Vivi \ud83c\udf38 Tr\u00e8s joli accessoire pour vos cheveux en forme de trois petites fleurs dans les nuances de violet m\u00e9ga\u00a0mignonnes\u00a0crochet\u00e9s\u00a0\u00e0 la main\u00a0et avec un fil 100% coton. Elles conviennent avec tous type de tenue, casual \/\u00a0original\u00a0ou vintage et de plus elles donneront une touche de couleur \u00e0 votre look. \u00c0 propos [&hellip;]<\/p>\n","protected":false},"featured_media":5433,"comment_status":"open","ping_status":"closed","template":"","meta":{"site-sidebar-layout":"default","site-content-layout":"","ast-site-content-layout":"default","site-content-style":"default","site-sidebar-style":"default","ast-global-header-display":"","ast-banner-title-visibility":"","ast-main-header-display":"","ast-hfb-above-header-display":"","ast-hfb-below-header-display":"","ast-hfb-mobile-header-display":"","site-post-title":"","ast-breadcrumbs-content":"","ast-featured-img":"","footer-sml-layout":"","theme-transparent-header-meta":"default","adv-header-id-meta":"","stick-header-meta":"","header-above-stick-meta":"","header-main-stick-meta":"","header-below-stick-meta":"","astra-migrate-meta-layouts":"set","ast-page-background-enabled":"default","ast-page-background-meta":{"desktop":{"background-color":"","background-image":"","background-repeat":"repeat","background-position":"center center","background-size":"auto","background-attachment":"scroll","background-type":"","background-media":"","overlay-type":"","overlay-color":"","overlay-opacity":"","overlay-gradient":""},"tablet":{"background-color":"","background-image":"","background-repeat":"repeat","background-position":"center center","background-size":"auto","background-attachment":"scroll","background-type":"","background-media":"","overlay-type":"","overlay-color":"","overlay-opacity":"","overlay-gradient":""},"mobile":{"background-color":"","background-image":"","background-repeat":"repeat","background-position":"center center","background-size":"auto","background-attachment":"scroll","background-type":"","background-media":"","overlay-type":"","overlay-color":"","overlay-opacity":"","overlay-gradient":""}},"ast-content-background-meta":{"desktop":{"background-color":"var(--ast-global-color-5)","background-image":"","background-repeat":"repeat","background-position":"center center","background-size":"auto","background-attachment":"scroll","background-type":"","background-media":"","overlay-type":"","overlay-color":"","overlay-opacity":"","overlay-gradient":""},"tablet":{"background-color":"var(--ast-global-color-5)","background-image":"","background-repeat":"repeat","background-position":"center center","background-size":"auto","background-attachment":"scroll","background-type":"","background-media":"","overlay-type":"","overlay-color":"","overlay-opacity":"","overlay-gradient":""},"mobile":{"background-color":"var(--ast-global-color-5)","background-image":"","background-repeat":"repeat","background-position":"center center","background-size":"auto","background-attachment":"scroll","background-type":"","background-media":"","overlay-type":"","overlay-color":"","overlay-opacity":"","overlay-gradient":""}}},"product_brand":[],"product_cat":[275],"product_tag":[],"class_list":{"0":"post-5434","1":"product","2":"type-product","3":"status-publish","4":"has-post-thumbnail","6":"product_cat-barrettes","7":"desktop-align-center","8":"tablet-align-left","9":"mobile-align-left","11":"first","12":"outofstock","13":"shipping-taxable","14":"purchasable","15":"product-type-variable"},"jetpack_sharing_enabled":true,"_links":{"self":[{"href":"https:\/\/rababcreation.com\/index.php\/wp-json\/wp\/v2\/product\/5434","targetHints":{"allow":["GET"]}}],"collection":[{"href":"https:\/\/rababcreation.com\/index.php\/wp-json\/wp\/v2\/product"}],"about":[{"href":"https:\/\/rababcreation.com\/index.php\/wp-json\/wp\/v2\/types\/product"}],"replies":[{"embeddable":true,"href":"https:\/\/rababcreation.com\/index.php\/wp-json\/wp\/v2\/comments?post=5434"}],"version-history":[{"count":2,"href":"https:\/\/rababcreation.com\/index.php\/wp-json\/wp\/v2\/product\/5434\/revisions"}],"predecessor-version":[{"id":6087,"href":"https:\/\/rababcreation.com\/index.php\/wp-json\/wp\/v2\/product\/5434\/revisions\/6087"}],"wp:featuredmedia":[{"embeddable":true,"href":"https:\/\/rababcreation.com\/index.php\/wp-json\/wp\/v2\/media\/5433"}],"wp:attachment":[{"href":"https:\/\/rababcreation.com\/index.php\/wp-json\/wp\/v2\/media?parent=5434"}],"wp:term":[{"taxonomy":"product_brand","embeddable":true,"href":"https:\/\/rababcreation.com\/index.php\/wp-json\/wp\/v2\/product_brand?post=5434"},{"taxonomy":"product_cat","embeddable":true,"href":"https:\/\/rababcreation.com\/index.php\/wp-json\/wp\/v2\/product_cat?post=5434"},{"taxonomy":"product_tag","embeddable":true,"href":"https:\/\/rababcreation.com\/index.php\/wp-json\/wp\/v2\/product_tag?post=5434"}],"curies":[{"name":"wp","href":"https:\/\/api.w.org\/{rel}","templated":true}]}}