{"id":5457,"date":"2023-08-22T21:51:29","date_gmt":"2023-08-22T19:51:29","guid":{"rendered":"https:\/\/rababcreation.com\/index.php\/produit\/ava-boucle-doreille-tete-de-mort-avec-petit-noeud-fait-main\/"},"modified":"2024-12-01T15:09:14","modified_gmt":"2024-12-01T14:09:14","slug":"ava-boucle-doreille-tete-de-mort-avec-petit-noeud-fait-main","status":"publish","type":"product","link":"https:\/\/rababcreation.com\/index.php\/produit\/ava-boucle-doreille-tete-de-mort-avec-petit-noeud-fait-main\/","title":{"rendered":"Ava | Boucle d&rsquo;oreille t\u00eate de mort avec petit n\u0153ud fait main"},"content":{"rendered":"<h2 data-mce-fragment=\"1\" data-pm-slice=\"1 1 []\">Boucle d&rsquo;oreille pour d\u00e9guisement Halloween nomm\u00e9e <strong data-mce-fragment=\"1\">AVA \u2620<\/strong><\/h2>\n<p><strong data-mce-fragment=\"1\">Vous cherchez une boucle d&rsquo;oreille pour d\u00e9guisement Halloween ?<\/strong><\/p>\n<p data-mce-fragment=\"1\">Ce Bijou est parfait, il est mignon,effrayant et en forme de t\u00eate de mort avec son petit n\u0153ud orange pour completer votre look \/d\u00e9guisement d&rsquo;Halloween.<\/p>\n<p data-mce-fragment=\"1\">Elles vont rajout\u00e9e une petite touche effrayante mais tr\u00e9s f\u00e9minine \u00e0 votre costume de d\u00e9guisement halloween.<\/p>\n<h3 class=\"product-facts-title\" data-mce-fragment=\"1\">\u00c0 propos de cet article :<\/h3>\n<ul class=\"a-unordered-list a-vertical a-spacing-small\" data-mce-fragment=\"1\">\n<li data-mce-fragment=\"1\"><span class=\"a-list-item a-size-base a-color-secondary\" data-mce-fragment=\"1\"><span data-mce-fragment=\"1\">Mat\u00e9riaux :<\/span><span data-mce-fragment=\"1\">\u00a0<\/span>Les\u00a0petites t\u00eates de mort sont fabriqu\u00e9es en mat\u00e9riaux respectueux \u00e0 l&rsquo;environnement dans la mesure o\u00f9 elles contiennent uniquement un crochet en<span data-mce-fragment=\"1\">\u00a0<\/span><strong data-mce-fragment=\"1\">acier inoxydable<\/strong><span data-mce-fragment=\"1\">\u00a0<\/span>et un fils<span data-mce-fragment=\"1\">\u00a0<\/span><strong data-mce-fragment=\"1\">en coton<span data-mce-fragment=\"1\">\u00a0<\/span><\/strong>comme mat\u00e9riaux .<\/span><\/li>\n<\/ul>\n<ul class=\"a-unordered-list a-vertical a-spacing-small\" data-mce-fragment=\"1\">\n<li data-mce-fragment=\"1\"><span class=\"a-list-item a-size-base a-color-secondary\" data-mce-fragment=\"1\"><span data-mce-fragment=\"1\">Crochet d&rsquo;oreille\u00a0:<\/span>\u00a0nous proposons des crochets d&rsquo;oreilles en<strong data-mce-fragment=\"1\">\u00a0acier inoxydable<\/strong>\u00a0et de qualit\u00e9 sup\u00e9rieure.<\/span><\/li>\n<li data-mce-fragment=\"1\"><span class=\"a-list-item a-size-base a-color-secondary\" data-mce-fragment=\"1\"><span data-mce-fragment=\"1\">Taille :<\/span><span data-mce-fragment=\"1\">\u00a0<\/span>En ce qui concerne la taille, les boucles d\u2019oreilles font<strong data-mce-fragment=\"1\">\u00a03.5 cm<\/strong><span data-mce-fragment=\"1\">\u00a0<\/span>de largeur et de hauteur. Elles sont l\u00e9g\u00e8res de fa\u00e7on \u00e0 ce qu&rsquo;elle ne p\u00e8sent pas sur les oreilles.<\/span><\/li>\n<li data-mce-fragment=\"1\"><span class=\"a-list-item a-size-base a-color-secondary\" data-mce-fragment=\"1\"><span data-mce-fragment=\"1\">Cadeau :<\/span><span data-mce-fragment=\"1\">\u00a0<\/span>les boucles d&rsquo;oreilles sont une superbe id\u00e9e de cadeau pour un anniversaire ou pour un costume Halloween ou juste pour ce faire plaisir !<\/span><\/li>\n<\/ul>\n<h3 data-mce-fragment=\"1\"><span class=\"a-list-item a-size-base a-color-secondary\" data-mce-fragment=\"1\">Conseils d&rsquo;utilisations :<\/span><\/h3>\n<p data-mce-fragment=\"1\"><span class=\"a-list-item a-size-base a-color-secondary\" data-mce-fragment=\"1\">\u26a0\ufe0f Par ailleurs, l<\/span>es cr\u00e9ations en crochet sont fragiles et doivent \u00eatre manipul\u00e9es avec<strong data-mce-fragment=\"1\">\u00a0beaucoup de soin :<\/strong><\/p>\n<ul data-mce-fragment=\"1\" aria-labelledby=\"alternatives-heading\">\n<li class=\"lmt__translations_as_text__item\" data-mce-fragment=\"1\">Tenir \u00e0 l&rsquo;\u00e9cart de l&rsquo;eau,<\/li>\n<li class=\"lmt__translations_as_text__item\" data-mce-fragment=\"1\">ranger s\u00e9par\u00e9ment dans une bo\u00eete \u00e0 bijoux \u00e0 l&rsquo;air libre,<\/li>\n<li class=\"lmt__translations_as_text__item\" data-mce-fragment=\"1\">\n<p data-mce-fragment=\"1\">Les boucles viendront dans une jolie\u00a0<strong data-mce-fragment=\"1\">pochette en organza<\/strong>\u00a0bien prot\u00e9g\u00e9es \ud83d\udc4c<\/p>\n<\/li>\n<\/ul>\n<h3 data-mce-fragment=\"1\">\u00c0 savoir \u00e9galement :<\/h3>\n<div class=\"a-fixed-left-grid product-facts-detail\" data-mce-fragment=\"1\">\n<div class=\"a-fixed-left-grid-inner\" data-mce-fragment=\"1\">\n<div class=\"a-fixed-left-grid-col a-col-left\" data-mce-fragment=\"1\">\n<ul data-mce-fragment=\"1\">\n<li data-mce-fragment=\"1\"><span class=\"a-color-base a-text-bold\" data-mce-fragment=\"1\"><span data-mce-fragment=\"1\">Pays d&rsquo;origine :<\/span>\u00a0<\/span><span class=\"a-color-secondary\" data-mce-fragment=\"1\">France<\/span><\/li>\n<li data-mce-fragment=\"1\"><span class=\"a-color-secondary\" data-mce-fragment=\"1\"><span data-mce-fragment=\"1\">Fait main :<\/span>\u00a0Oui<\/span><\/li>\n<li data-mce-fragment=\"1\"><span class=\"a-color-secondary\" data-mce-fragment=\"1\"><span data-mce-fragment=\"1\">Personnalisable :<\/span>\u00a0Non<\/span><\/li>\n<li data-mce-fragment=\"1\"><span class=\"a-color-secondary\" data-mce-fragment=\"1\">Occasion : D\u00e9guisement Halloween<\/span><\/li>\n<\/ul>\n<\/div>\n<\/div>\n<\/div>\n","protected":false},"excerpt":{"rendered":"<p>Boucle d&rsquo;oreille pour d\u00e9guisement Halloween nomm\u00e9e AVA \u2620 Vous cherchez une boucle d&rsquo;oreille pour d\u00e9guisement Halloween ? Ce Bijou est parfait, il est mignon,effrayant et en forme de t\u00eate de mort avec son petit n\u0153ud orange pour completer votre look \/d\u00e9guisement d&rsquo;Halloween. Elles vont rajout\u00e9e une petite touche effrayante mais tr\u00e9s f\u00e9minine \u00e0 votre costume [&hellip;]<\/p>\n","protected":false},"featured_media":5456,"comment_status":"open","ping_status":"closed","template":"","meta":{"site-sidebar-layout":"default","site-content-layout":"","ast-site-content-layout":"default","site-content-style":"default","site-sidebar-style":"default","ast-global-header-display":"","ast-banner-title-visibility":"","ast-main-header-display":"","ast-hfb-above-header-display":"","ast-hfb-below-header-display":"","ast-hfb-mobile-header-display":"","site-post-title":"","ast-breadcrumbs-content":"","ast-featured-img":"","footer-sml-layout":"","theme-transparent-header-meta":"default","adv-header-id-meta":"","stick-header-meta":"","header-above-stick-meta":"","header-main-stick-meta":"","header-below-stick-meta":"","astra-migrate-meta-layouts":"set","ast-page-background-enabled":"default","ast-page-background-meta":{"desktop":{"background-color":"","background-image":"","background-repeat":"repeat","background-position":"center center","background-size":"auto","background-attachment":"scroll","background-type":"","background-media":"","overlay-type":"","overlay-color":"","overlay-opacity":"","overlay-gradient":""},"tablet":{"background-color":"","background-image":"","background-repeat":"repeat","background-position":"center center","background-size":"auto","background-attachment":"scroll","background-type":"","background-media":"","overlay-type":"","overlay-color":"","overlay-opacity":"","overlay-gradient":""},"mobile":{"background-color":"","background-image":"","background-repeat":"repeat","background-position":"center center","background-size":"auto","background-attachment":"scroll","background-type":"","background-media":"","overlay-type":"","overlay-color":"","overlay-opacity":"","overlay-gradient":""}},"ast-content-background-meta":{"desktop":{"background-color":"var(--ast-global-color-5)","background-image":"","background-repeat":"repeat","background-position":"center center","background-size":"auto","background-attachment":"scroll","background-type":"","background-media":"","overlay-type":"","overlay-color":"","overlay-opacity":"","overlay-gradient":""},"tablet":{"background-color":"var(--ast-global-color-5)","background-image":"","background-repeat":"repeat","background-position":"center center","background-size":"auto","background-attachment":"scroll","background-type":"","background-media":"","overlay-type":"","overlay-color":"","overlay-opacity":"","overlay-gradient":""},"mobile":{"background-color":"var(--ast-global-color-5)","background-image":"","background-repeat":"repeat","background-position":"center center","background-size":"auto","background-attachment":"scroll","background-type":"","background-media":"","overlay-type":"","overlay-color":"","overlay-opacity":"","overlay-gradient":""}}},"product_brand":[],"product_cat":[276],"product_tag":[83,84,85],"class_list":{"0":"post-5457","1":"product","2":"type-product","3":"status-publish","4":"has-post-thumbnail","6":"product_cat-boucles-doreilles","7":"product_tag-boucle-doreille-halloween","8":"product_tag-deguisement-halloween","9":"product_tag-tete-de-mort","10":"desktop-align-center","11":"tablet-align-left","12":"mobile-align-left","14":"first","15":"instock","16":"sale","17":"featured","18":"purchasable","19":"product-type-simple"},"jetpack_sharing_enabled":true,"_links":{"self":[{"href":"https:\/\/rababcreation.com\/index.php\/wp-json\/wp\/v2\/product\/5457","targetHints":{"allow":["GET"]}}],"collection":[{"href":"https:\/\/rababcreation.com\/index.php\/wp-json\/wp\/v2\/product"}],"about":[{"href":"https:\/\/rababcreation.com\/index.php\/wp-json\/wp\/v2\/types\/product"}],"replies":[{"embeddable":true,"href":"https:\/\/rababcreation.com\/index.php\/wp-json\/wp\/v2\/comments?post=5457"}],"version-history":[{"count":1,"href":"https:\/\/rababcreation.com\/index.php\/wp-json\/wp\/v2\/product\/5457\/revisions"}],"predecessor-version":[{"id":6073,"href":"https:\/\/rababcreation.com\/index.php\/wp-json\/wp\/v2\/product\/5457\/revisions\/6073"}],"wp:featuredmedia":[{"embeddable":true,"href":"https:\/\/rababcreation.com\/index.php\/wp-json\/wp\/v2\/media\/5456"}],"wp:attachment":[{"href":"https:\/\/rababcreation.com\/index.php\/wp-json\/wp\/v2\/media?parent=5457"}],"wp:term":[{"taxonomy":"product_brand","embeddable":true,"href":"https:\/\/rababcreation.com\/index.php\/wp-json\/wp\/v2\/product_brand?post=5457"},{"taxonomy":"product_cat","embeddable":true,"href":"https:\/\/rababcreation.com\/index.php\/wp-json\/wp\/v2\/product_cat?post=5457"},{"taxonomy":"product_tag","embeddable":true,"href":"https:\/\/rababcreation.com\/index.php\/wp-json\/wp\/v2\/product_tag?post=5457"}],"curies":[{"name":"wp","href":"https:\/\/api.w.org\/{rel}","templated":true}]}}