{"id":5517,"date":"2023-08-22T21:53:58","date_gmt":"2023-08-22T19:53:58","guid":{"rendered":"https:\/\/rababcreation.com\/index.php\/produit\/skyler-boucles-doreilles-nuages\/"},"modified":"2024-11-26T09:02:58","modified_gmt":"2024-11-26T08:02:58","slug":"skyler-boucles-doreilles-nuages","status":"publish","type":"product","link":"https:\/\/rababcreation.com\/index.php\/produit\/skyler-boucles-doreilles-nuages\/","title":{"rendered":"SKYLER | Boucles d&rsquo;oreilles nuages"},"content":{"rendered":"<p data-mce-fragment=\"1\">Rest\u00e9e la t\u00eate dans le ciel avec <strong>Skyler<\/strong><\/p>\n<p data-mce-fragment=\"1\">R\u00eaveuse et cr\u00e9ative ! cette paires est faites pour vous.<\/p>\n<p data-mce-fragment=\"1\">Tr\u00e8s joli bijou en forme de nuage blanc avec des petites perles bleus ciel\u00a0crochet\u00e9 \u00e0 la main avec un fil 100% coton. Pour aller en promenade, en pique-nique ou tout simplement au travail.<\/p>\n<p data-mce-fragment=\"1\">Le bijou est livr\u00e9 dans une jolie pochette en organza bien prot\u00e9g\u00e9e \ud83d\udc4c<\/p>\n<p data-mce-fragment=\"1\">\u26a0\ufe0f Les cr\u00e9ations artisanales sont fragiles et doivent \u00eatre manipul\u00e9es avec<span data-mce-fragment=\"1\">\u00a0<\/span>beaucoup de soin.<\/p>\n<p data-mce-fragment=\"1\">\n","protected":false},"excerpt":{"rendered":"<p>Rest\u00e9e la t\u00eate dans le ciel avec Skyler R\u00eaveuse et cr\u00e9ative ! cette paires est faites pour vous. Tr\u00e8s joli bijou en forme de nuage blanc avec des petites perles bleus ciel\u00a0crochet\u00e9 \u00e0 la main avec un fil 100% coton. Pour aller en promenade, en pique-nique ou tout simplement au travail. Le bijou est livr\u00e9 [&hellip;]<\/p>\n","protected":false},"featured_media":5516,"comment_status":"open","ping_status":"closed","template":"","meta":{"site-sidebar-layout":"default","site-content-layout":"","ast-site-content-layout":"default","site-content-style":"default","site-sidebar-style":"default","ast-global-header-display":"","ast-banner-title-visibility":"","ast-main-header-display":"","ast-hfb-above-header-display":"","ast-hfb-below-header-display":"","ast-hfb-mobile-header-display":"","site-post-title":"","ast-breadcrumbs-content":"","ast-featured-img":"","footer-sml-layout":"","theme-transparent-header-meta":"default","adv-header-id-meta":"","stick-header-meta":"","header-above-stick-meta":"","header-main-stick-meta":"","header-below-stick-meta":"","astra-migrate-meta-layouts":"set","ast-page-background-enabled":"default","ast-page-background-meta":{"desktop":{"background-color":"","background-image":"","background-repeat":"repeat","background-position":"center center","background-size":"auto","background-attachment":"scroll","background-type":"","background-media":"","overlay-type":"","overlay-color":"","overlay-opacity":"","overlay-gradient":""},"tablet":{"background-color":"","background-image":"","background-repeat":"repeat","background-position":"center center","background-size":"auto","background-attachment":"scroll","background-type":"","background-media":"","overlay-type":"","overlay-color":"","overlay-opacity":"","overlay-gradient":""},"mobile":{"background-color":"","background-image":"","background-repeat":"repeat","background-position":"center center","background-size":"auto","background-attachment":"scroll","background-type":"","background-media":"","overlay-type":"","overlay-color":"","overlay-opacity":"","overlay-gradient":""}},"ast-content-background-meta":{"desktop":{"background-color":"var(--ast-global-color-5)","background-image":"","background-repeat":"repeat","background-position":"center center","background-size":"auto","background-attachment":"scroll","background-type":"","background-media":"","overlay-type":"","overlay-color":"","overlay-opacity":"","overlay-gradient":""},"tablet":{"background-color":"var(--ast-global-color-5)","background-image":"","background-repeat":"repeat","background-position":"center center","background-size":"auto","background-attachment":"scroll","background-type":"","background-media":"","overlay-type":"","overlay-color":"","overlay-opacity":"","overlay-gradient":""},"mobile":{"background-color":"var(--ast-global-color-5)","background-image":"","background-repeat":"repeat","background-position":"center center","background-size":"auto","background-attachment":"scroll","background-type":"","background-media":"","overlay-type":"","overlay-color":"","overlay-opacity":"","overlay-gradient":""}}},"product_brand":[],"product_cat":[276],"product_tag":[94,95,96,97],"class_list":{"0":"post-5517","1":"product","2":"type-product","3":"status-publish","4":"has-post-thumbnail","6":"product_cat-boucles-doreilles","7":"product_tag-accessoires_mignons","8":"product_tag-bijou-au-crochet","9":"product_tag-bijou-fait-main","10":"product_tag-boucle-doreille-nuage","11":"desktop-align-center","12":"tablet-align-left","13":"mobile-align-left","15":"first","16":"instock","17":"sale","18":"shipping-taxable","19":"purchasable","20":"product-type-simple"},"jetpack_sharing_enabled":true,"_links":{"self":[{"href":"https:\/\/rababcreation.com\/index.php\/wp-json\/wp\/v2\/product\/5517","targetHints":{"allow":["GET"]}}],"collection":[{"href":"https:\/\/rababcreation.com\/index.php\/wp-json\/wp\/v2\/product"}],"about":[{"href":"https:\/\/rababcreation.com\/index.php\/wp-json\/wp\/v2\/types\/product"}],"replies":[{"embeddable":true,"href":"https:\/\/rababcreation.com\/index.php\/wp-json\/wp\/v2\/comments?post=5517"}],"version-history":[{"count":1,"href":"https:\/\/rababcreation.com\/index.php\/wp-json\/wp\/v2\/product\/5517\/revisions"}],"predecessor-version":[{"id":6042,"href":"https:\/\/rababcreation.com\/index.php\/wp-json\/wp\/v2\/product\/5517\/revisions\/6042"}],"wp:featuredmedia":[{"embeddable":true,"href":"https:\/\/rababcreation.com\/index.php\/wp-json\/wp\/v2\/media\/5516"}],"wp:attachment":[{"href":"https:\/\/rababcreation.com\/index.php\/wp-json\/wp\/v2\/media?parent=5517"}],"wp:term":[{"taxonomy":"product_brand","embeddable":true,"href":"https:\/\/rababcreation.com\/index.php\/wp-json\/wp\/v2\/product_brand?post=5517"},{"taxonomy":"product_cat","embeddable":true,"href":"https:\/\/rababcreation.com\/index.php\/wp-json\/wp\/v2\/product_cat?post=5517"},{"taxonomy":"product_tag","embeddable":true,"href":"https:\/\/rababcreation.com\/index.php\/wp-json\/wp\/v2\/product_tag?post=5517"}],"curies":[{"name":"wp","href":"https:\/\/api.w.org\/{rel}","templated":true}]}}