{"id":5619,"date":"2023-08-22T21:55:14","date_gmt":"2023-08-22T19:55:14","guid":{"rendered":"https:\/\/rababcreation.com\/index.php\/produit\/bana-boucles-doreilles-banane\/"},"modified":"2025-01-29T21:53:30","modified_gmt":"2025-01-29T20:53:30","slug":"bana-boucles-doreilles-banane","status":"publish","type":"product","link":"https:\/\/rababcreation.com\/index.php\/produit\/bana-boucles-doreilles-banane\/","title":{"rendered":"BANA | Boucles d&rsquo;oreilles banane"},"content":{"rendered":"<p>On a la banane avec <strong>BANA<\/strong> !<\/p>\n<p>Boucle d&rsquo;oreille fruit\u00e9 au go\u00fbt de la banane pour adoucir vos tenue d&rsquo;\u00e9t\u00e9. Elles sont faites \u00e0 la main avec un fil en coton doux et tr\u00e8s l\u00e9ger.<\/p>\n<p>Le bijou est livr\u00e9 dans une jolie pochette en organza bien prot\u00e9g\u00e9e \ud83d\udc4c<\/p>\n<p>\u26a0\ufe0f Les cr\u00e9ations artisanales sont fragiles et doivent \u00eatre manipul\u00e9es avec\u00a0beaucoup de soin.<\/p>\n","protected":false},"excerpt":{"rendered":"<p>On a la banane avec BANA ! Boucle d&rsquo;oreille fruit\u00e9 au go\u00fbt de la banane pour adoucir vos tenue d&rsquo;\u00e9t\u00e9. Elles sont faites \u00e0 la main avec un fil en coton doux et tr\u00e8s l\u00e9ger. Le bijou est livr\u00e9 dans une jolie pochette en organza bien prot\u00e9g\u00e9e \ud83d\udc4c \u26a0\ufe0f Les cr\u00e9ations artisanales sont fragiles et [&hellip;]<\/p>\n","protected":false},"featured_media":5618,"comment_status":"open","ping_status":"closed","template":"","meta":{"site-sidebar-layout":"default","site-content-layout":"","ast-site-content-layout":"default","site-content-style":"default","site-sidebar-style":"default","ast-global-header-display":"","ast-banner-title-visibility":"","ast-main-header-display":"","ast-hfb-above-header-display":"","ast-hfb-below-header-display":"","ast-hfb-mobile-header-display":"","site-post-title":"","ast-breadcrumbs-content":"","ast-featured-img":"","footer-sml-layout":"","theme-transparent-header-meta":"default","adv-header-id-meta":"","stick-header-meta":"","header-above-stick-meta":"","header-main-stick-meta":"","header-below-stick-meta":"","astra-migrate-meta-layouts":"set","ast-page-background-enabled":"default","ast-page-background-meta":{"desktop":{"background-color":"","background-image":"","background-repeat":"repeat","background-position":"center center","background-size":"auto","background-attachment":"scroll","background-type":"","background-media":"","overlay-type":"","overlay-color":"","overlay-opacity":"","overlay-gradient":""},"tablet":{"background-color":"","background-image":"","background-repeat":"repeat","background-position":"center center","background-size":"auto","background-attachment":"scroll","background-type":"","background-media":"","overlay-type":"","overlay-color":"","overlay-opacity":"","overlay-gradient":""},"mobile":{"background-color":"","background-image":"","background-repeat":"repeat","background-position":"center center","background-size":"auto","background-attachment":"scroll","background-type":"","background-media":"","overlay-type":"","overlay-color":"","overlay-opacity":"","overlay-gradient":""}},"ast-content-background-meta":{"desktop":{"background-color":"var(--ast-global-color-5)","background-image":"","background-repeat":"repeat","background-position":"center center","background-size":"auto","background-attachment":"scroll","background-type":"","background-media":"","overlay-type":"","overlay-color":"","overlay-opacity":"","overlay-gradient":""},"tablet":{"background-color":"var(--ast-global-color-5)","background-image":"","background-repeat":"repeat","background-position":"center center","background-size":"auto","background-attachment":"scroll","background-type":"","background-media":"","overlay-type":"","overlay-color":"","overlay-opacity":"","overlay-gradient":""},"mobile":{"background-color":"var(--ast-global-color-5)","background-image":"","background-repeat":"repeat","background-position":"center center","background-size":"auto","background-attachment":"scroll","background-type":"","background-media":"","overlay-type":"","overlay-color":"","overlay-opacity":"","overlay-gradient":""}}},"product_brand":[],"product_cat":[276],"product_tag":[141,142,143,144,145,146,147,148,115,149,150,80,151,82],"class_list":{"0":"post-5619","1":"product","2":"type-product","3":"status-publish","4":"has-post-thumbnail","6":"product_cat-boucles-doreilles","7":"product_tag-banana","8":"product_tag-banana_earrings","9":"product_tag-cotton_earrings","10":"product_tag-crochet_earrings","11":"product_tag-cute_fruit","12":"product_tag-fruit_earrings","13":"product_tag-funny_earrings","14":"product_tag-handmade_earrings","15":"product_tag-import_2022_08_01_111926","16":"product_tag-kawaii_banana","17":"product_tag-original_handmade","18":"product_tag-rababcreation","19":"product_tag-summer_earrings","20":"product_tag-yellow_earrings","21":"desktop-align-center","22":"tablet-align-left","23":"mobile-align-left","25":"first","26":"instock","27":"sale","28":"purchasable","29":"product-type-simple"},"jetpack_sharing_enabled":true,"_links":{"self":[{"href":"https:\/\/rababcreation.com\/index.php\/wp-json\/wp\/v2\/product\/5619","targetHints":{"allow":["GET"]}}],"collection":[{"href":"https:\/\/rababcreation.com\/index.php\/wp-json\/wp\/v2\/product"}],"about":[{"href":"https:\/\/rababcreation.com\/index.php\/wp-json\/wp\/v2\/types\/product"}],"replies":[{"embeddable":true,"href":"https:\/\/rababcreation.com\/index.php\/wp-json\/wp\/v2\/comments?post=5619"}],"version-history":[{"count":2,"href":"https:\/\/rababcreation.com\/index.php\/wp-json\/wp\/v2\/product\/5619\/revisions"}],"predecessor-version":[{"id":5991,"href":"https:\/\/rababcreation.com\/index.php\/wp-json\/wp\/v2\/product\/5619\/revisions\/5991"}],"wp:featuredmedia":[{"embeddable":true,"href":"https:\/\/rababcreation.com\/index.php\/wp-json\/wp\/v2\/media\/5618"}],"wp:attachment":[{"href":"https:\/\/rababcreation.com\/index.php\/wp-json\/wp\/v2\/media?parent=5619"}],"wp:term":[{"taxonomy":"product_brand","embeddable":true,"href":"https:\/\/rababcreation.com\/index.php\/wp-json\/wp\/v2\/product_brand?post=5619"},{"taxonomy":"product_cat","embeddable":true,"href":"https:\/\/rababcreation.com\/index.php\/wp-json\/wp\/v2\/product_cat?post=5619"},{"taxonomy":"product_tag","embeddable":true,"href":"https:\/\/rababcreation.com\/index.php\/wp-json\/wp\/v2\/product_tag?post=5619"}],"curies":[{"name":"wp","href":"https:\/\/api.w.org\/{rel}","templated":true}]}}