{"id":5647,"date":"2023-08-22T21:55:32","date_gmt":"2023-08-22T19:55:32","guid":{"rendered":"https:\/\/rababcreation.com\/index.php\/produit\/tara-boucles-doreilles-trefle-vert\/"},"modified":"2025-01-29T21:52:49","modified_gmt":"2025-01-29T20:52:49","slug":"tara-boucles-doreilles-trefle-vert","status":"publish","type":"product","link":"https:\/\/rababcreation.com\/index.php\/produit\/tara-boucles-doreilles-trefle-vert\/","title":{"rendered":"TARA | Boucles d&rsquo;oreilles tr\u00e8fle vert"},"content":{"rendered":"<p>Mini-boucle d&rsquo;oreille tr\u00e8fle vert nomm\u00e9 <strong>TARA<\/strong>.<\/p>\n<p>Le tr\u00e8fle vous apportera chance et bonheur, mais aussi la joie de savoir que vous portez quelque chose d&rsquo;unique et de tr\u00e8s joli. Ce bijou est r\u00e9alis\u00e9 avec un fil de coton tr\u00e8s fin (ce qui n\u00e9cessite un travail de pr\u00e9cision \ud83d\udc40) mais surtout avec amour \u2764\ufe0f et beaucoup de soin Le bijou est livr\u00e9 dans une jolie pochette en organza bien prot\u00e9g\u00e9e \ud83d\udc4c<\/p>\n<p>\u26a0\ufe0f Les cr\u00e9ations artisanales sont fragiles et doivent \u00eatre manipul\u00e9es avec beaucoup de soin.<\/p>\n","protected":false},"excerpt":{"rendered":"<p>Mini-boucle d&rsquo;oreille tr\u00e8fle vert nomm\u00e9 TARA. Le tr\u00e8fle vous apportera chance et bonheur, mais aussi la joie de savoir que vous portez quelque chose d&rsquo;unique et de tr\u00e8s joli. Ce bijou est r\u00e9alis\u00e9 avec un fil de coton tr\u00e8s fin (ce qui n\u00e9cessite un travail de pr\u00e9cision \ud83d\udc40) mais surtout avec amour \u2764\ufe0f et beaucoup [&hellip;]<\/p>\n","protected":false},"featured_media":5646,"comment_status":"open","ping_status":"closed","template":"","meta":{"site-sidebar-layout":"default","site-content-layout":"","ast-site-content-layout":"default","site-content-style":"default","site-sidebar-style":"default","ast-global-header-display":"","ast-banner-title-visibility":"","ast-main-header-display":"","ast-hfb-above-header-display":"","ast-hfb-below-header-display":"","ast-hfb-mobile-header-display":"","site-post-title":"","ast-breadcrumbs-content":"","ast-featured-img":"","footer-sml-layout":"","theme-transparent-header-meta":"default","adv-header-id-meta":"","stick-header-meta":"","header-above-stick-meta":"","header-main-stick-meta":"","header-below-stick-meta":"","astra-migrate-meta-layouts":"set","ast-page-background-enabled":"default","ast-page-background-meta":{"desktop":{"background-color":"","background-image":"","background-repeat":"repeat","background-position":"center center","background-size":"auto","background-attachment":"scroll","background-type":"","background-media":"","overlay-type":"","overlay-color":"","overlay-opacity":"","overlay-gradient":""},"tablet":{"background-color":"","background-image":"","background-repeat":"repeat","background-position":"center center","background-size":"auto","background-attachment":"scroll","background-type":"","background-media":"","overlay-type":"","overlay-color":"","overlay-opacity":"","overlay-gradient":""},"mobile":{"background-color":"","background-image":"","background-repeat":"repeat","background-position":"center center","background-size":"auto","background-attachment":"scroll","background-type":"","background-media":"","overlay-type":"","overlay-color":"","overlay-opacity":"","overlay-gradient":""}},"ast-content-background-meta":{"desktop":{"background-color":"var(--ast-global-color-5)","background-image":"","background-repeat":"repeat","background-position":"center center","background-size":"auto","background-attachment":"scroll","background-type":"","background-media":"","overlay-type":"","overlay-color":"","overlay-opacity":"","overlay-gradient":""},"tablet":{"background-color":"var(--ast-global-color-5)","background-image":"","background-repeat":"repeat","background-position":"center center","background-size":"auto","background-attachment":"scroll","background-type":"","background-media":"","overlay-type":"","overlay-color":"","overlay-opacity":"","overlay-gradient":""},"mobile":{"background-color":"var(--ast-global-color-5)","background-image":"","background-repeat":"repeat","background-position":"center center","background-size":"auto","background-attachment":"scroll","background-type":"","background-media":"","overlay-type":"","overlay-color":"","overlay-opacity":"","overlay-gradient":""}}},"product_brand":[],"product_cat":[276],"product_tag":[152,153,154,155,156,157,158,159,160,161,80,162,163],"class_list":{"0":"post-5647","1":"product","2":"type-product","3":"status-publish","4":"has-post-thumbnail","6":"product_cat-boucles-doreilles","7":"product_tag-accessoire_naturel","8":"product_tag-bijou_crochete_a_la_main","9":"product_tag-bijou_nature","10":"product_tag-bijou_petal","11":"product_tag-bijoux_mignons","12":"product_tag-boucle_doreille_fleur","13":"product_tag-boucle_doreille_trefle","14":"product_tag-boucle_en_forme_de_trefle","15":"product_tag-coton","16":"product_tag-idee_de_cadeau_bijoux","17":"product_tag-rababcreation","18":"product_tag-trefle","19":"product_tag-vert","20":"desktop-align-center","21":"tablet-align-left","22":"mobile-align-left","24":"first","25":"instock","26":"sale","27":"featured","28":"purchasable","29":"product-type-simple"},"jetpack_sharing_enabled":true,"_links":{"self":[{"href":"https:\/\/rababcreation.com\/index.php\/wp-json\/wp\/v2\/product\/5647","targetHints":{"allow":["GET"]}}],"collection":[{"href":"https:\/\/rababcreation.com\/index.php\/wp-json\/wp\/v2\/product"}],"about":[{"href":"https:\/\/rababcreation.com\/index.php\/wp-json\/wp\/v2\/types\/product"}],"replies":[{"embeddable":true,"href":"https:\/\/rababcreation.com\/index.php\/wp-json\/wp\/v2\/comments?post=5647"}],"version-history":[{"count":1,"href":"https:\/\/rababcreation.com\/index.php\/wp-json\/wp\/v2\/product\/5647\/revisions"}],"predecessor-version":[{"id":5976,"href":"https:\/\/rababcreation.com\/index.php\/wp-json\/wp\/v2\/product\/5647\/revisions\/5976"}],"wp:featuredmedia":[{"embeddable":true,"href":"https:\/\/rababcreation.com\/index.php\/wp-json\/wp\/v2\/media\/5646"}],"wp:attachment":[{"href":"https:\/\/rababcreation.com\/index.php\/wp-json\/wp\/v2\/media?parent=5647"}],"wp:term":[{"taxonomy":"product_brand","embeddable":true,"href":"https:\/\/rababcreation.com\/index.php\/wp-json\/wp\/v2\/product_brand?post=5647"},{"taxonomy":"product_cat","embeddable":true,"href":"https:\/\/rababcreation.com\/index.php\/wp-json\/wp\/v2\/product_cat?post=5647"},{"taxonomy":"product_tag","embeddable":true,"href":"https:\/\/rababcreation.com\/index.php\/wp-json\/wp\/v2\/product_tag?post=5647"}],"curies":[{"name":"wp","href":"https:\/\/api.w.org\/{rel}","templated":true}]}}