{"id":5717,"date":"2023-08-22T21:56:16","date_gmt":"2023-08-22T19:56:16","guid":{"rendered":"https:\/\/rababcreation.com\/index.php\/produit\/rima-boucles-doreilles-citron\/"},"modified":"2025-05-24T18:35:42","modified_gmt":"2025-05-24T16:35:42","slug":"rima-boucles-doreilles-citron","status":"publish","type":"product","link":"https:\/\/rababcreation.com\/index.php\/produit\/rima-boucles-doreilles-citron\/","title":{"rendered":"RIMA | Boucles d&rsquo;oreilles citron"},"content":{"rendered":"<p>Vous aimez les citrons ? Vous voulez ajouter une touche de fra\u00eecheur et d&rsquo;originalit\u00e9 \u00e0 vos tenues ? Offrez vous ces boucles d&rsquo;oreilles citron faites \u00e0 la main nomm\u00e9es <strong>RIMA<\/strong>.<\/p>\n<p>Elles donneront une touche de fra\u00eecheur et d&rsquo;originalit\u00e9 \u00e0 vos tenues et sont parfaites pour le printemps. Ces boucles d&rsquo;oreilles sont r\u00e9alis\u00e9es avec un fil tr\u00e8s fin et 100% coton et avec mon petit crochet. Elles\u00a0sont des cadeaux parfaits pour de nombreux amis et membres de la famille.\u00a0 \ud83d\ude0d<\/p>\n<p>Le bijou est livr\u00e9 dans une jolie pochette en organza bien prot\u00e9g\u00e9e<\/p>\n<p>\u26a0\ufe0fLes cr\u00e9ations artisanales sont fragiles et doivent \u00eatre manipul\u00e9es avec d\u00e9licatesse. \u26a0\ufe0f<\/p>\n","protected":false},"excerpt":{"rendered":"<p>Vous aimez les citrons ? Vous voulez ajouter une touche de fra\u00eecheur et d&rsquo;originalit\u00e9 \u00e0 vos tenues ? Offrez vous ces boucles d&rsquo;oreilles citron faites \u00e0 la main nomm\u00e9es RIMA. Elles donneront une touche de fra\u00eecheur et d&rsquo;originalit\u00e9 \u00e0 vos tenues et sont parfaites pour le printemps. Ces boucles d&rsquo;oreilles sont r\u00e9alis\u00e9es avec un fil [&hellip;]<\/p>\n","protected":false},"featured_media":5716,"comment_status":"open","ping_status":"closed","template":"","meta":{"site-sidebar-layout":"default","site-content-layout":"","ast-site-content-layout":"default","site-content-style":"default","site-sidebar-style":"default","ast-global-header-display":"","ast-banner-title-visibility":"","ast-main-header-display":"","ast-hfb-above-header-display":"","ast-hfb-below-header-display":"","ast-hfb-mobile-header-display":"","site-post-title":"","ast-breadcrumbs-content":"","ast-featured-img":"","footer-sml-layout":"","theme-transparent-header-meta":"default","adv-header-id-meta":"","stick-header-meta":"","header-above-stick-meta":"","header-main-stick-meta":"","header-below-stick-meta":"","astra-migrate-meta-layouts":"set","ast-page-background-enabled":"default","ast-page-background-meta":{"desktop":{"background-color":"","background-image":"","background-repeat":"repeat","background-position":"center center","background-size":"auto","background-attachment":"scroll","background-type":"","background-media":"","overlay-type":"","overlay-color":"","overlay-opacity":"","overlay-gradient":""},"tablet":{"background-color":"","background-image":"","background-repeat":"repeat","background-position":"center center","background-size":"auto","background-attachment":"scroll","background-type":"","background-media":"","overlay-type":"","overlay-color":"","overlay-opacity":"","overlay-gradient":""},"mobile":{"background-color":"","background-image":"","background-repeat":"repeat","background-position":"center center","background-size":"auto","background-attachment":"scroll","background-type":"","background-media":"","overlay-type":"","overlay-color":"","overlay-opacity":"","overlay-gradient":""}},"ast-content-background-meta":{"desktop":{"background-color":"var(--ast-global-color-5)","background-image":"","background-repeat":"repeat","background-position":"center center","background-size":"auto","background-attachment":"scroll","background-type":"","background-media":"","overlay-type":"","overlay-color":"","overlay-opacity":"","overlay-gradient":""},"tablet":{"background-color":"var(--ast-global-color-5)","background-image":"","background-repeat":"repeat","background-position":"center center","background-size":"auto","background-attachment":"scroll","background-type":"","background-media":"","overlay-type":"","overlay-color":"","overlay-opacity":"","overlay-gradient":""},"mobile":{"background-color":"var(--ast-global-color-5)","background-image":"","background-repeat":"repeat","background-position":"center center","background-size":"auto","background-attachment":"scroll","background-type":"","background-media":"","overlay-type":"","overlay-color":"","overlay-opacity":"","overlay-gradient":""}}},"product_brand":[],"product_cat":[276],"product_tag":[206,207,144,208,209,210,146,147,211,212,213],"class_list":{"0":"post-5717","1":"product","2":"type-product","3":"status-publish","4":"has-post-thumbnail","6":"product_cat-boucles-doreilles","7":"product_tag-botanical_earrings","8":"product_tag-cotton_earring","9":"product_tag-crochet_earrings","10":"product_tag-crochet_earrings_lemon","11":"product_tag-earrings","12":"product_tag-food_earrings","13":"product_tag-fruit_earrings","14":"product_tag-funny_earrings","15":"product_tag-handmade_earring","16":"product_tag-lemon_earring","17":"product_tag-sun_earrings","18":"desktop-align-center","19":"tablet-align-left","20":"mobile-align-left","22":"first","23":"instock","24":"sale","25":"featured","26":"shipping-taxable","27":"purchasable","28":"product-type-simple"},"jetpack_sharing_enabled":true,"_links":{"self":[{"href":"https:\/\/rababcreation.com\/index.php\/wp-json\/wp\/v2\/product\/5717","targetHints":{"allow":["GET"]}}],"collection":[{"href":"https:\/\/rababcreation.com\/index.php\/wp-json\/wp\/v2\/product"}],"about":[{"href":"https:\/\/rababcreation.com\/index.php\/wp-json\/wp\/v2\/types\/product"}],"replies":[{"embeddable":true,"href":"https:\/\/rababcreation.com\/index.php\/wp-json\/wp\/v2\/comments?post=5717"}],"version-history":[{"count":1,"href":"https:\/\/rababcreation.com\/index.php\/wp-json\/wp\/v2\/product\/5717\/revisions"}],"predecessor-version":[{"id":5918,"href":"https:\/\/rababcreation.com\/index.php\/wp-json\/wp\/v2\/product\/5717\/revisions\/5918"}],"wp:featuredmedia":[{"embeddable":true,"href":"https:\/\/rababcreation.com\/index.php\/wp-json\/wp\/v2\/media\/5716"}],"wp:attachment":[{"href":"https:\/\/rababcreation.com\/index.php\/wp-json\/wp\/v2\/media?parent=5717"}],"wp:term":[{"taxonomy":"product_brand","embeddable":true,"href":"https:\/\/rababcreation.com\/index.php\/wp-json\/wp\/v2\/product_brand?post=5717"},{"taxonomy":"product_cat","embeddable":true,"href":"https:\/\/rababcreation.com\/index.php\/wp-json\/wp\/v2\/product_cat?post=5717"},{"taxonomy":"product_tag","embeddable":true,"href":"https:\/\/rababcreation.com\/index.php\/wp-json\/wp\/v2\/product_tag?post=5717"}],"curies":[{"name":"wp","href":"https:\/\/api.w.org\/{rel}","templated":true}]}}