{"id":5758,"date":"2023-08-22T21:56:41","date_gmt":"2023-08-22T19:56:41","guid":{"rendered":"https:\/\/rababcreation.com\/index.php\/produit\/yara-boucles-doreilles-en-ruban-de-satin\/"},"modified":"2024-11-26T09:05:03","modified_gmt":"2024-11-26T08:05:03","slug":"yara-boucles-doreilles-en-ruban-de-satin","status":"publish","type":"product","link":"https:\/\/rababcreation.com\/index.php\/produit\/yara-boucles-doreilles-en-ruban-de-satin\/","title":{"rendered":"YARA | Boucles d&rsquo;oreilles en ruban de satin"},"content":{"rendered":"<p>Une touche de satin doux et brillant avec <strong>YARA<\/strong><\/p>\n<p>Tr\u00e8s jolie paire crochet\u00e9e avec des rubans de satin en satin disponible en deux coloris ( Turquois et bleu royal ). C&rsquo;est l&rsquo;alliance parfaite entre un look tropical ou une soir\u00e9e en bord de la mer. et pour compl\u00e9ter l&rsquo;ensemble vous trouverez en boutique le ras de cou qui va avec Nara. Elles sont confectionn\u00e9es avec un ruban de qualit\u00e9 \/ crochet tr\u00e8s fin.<\/p>\n<p>Le bijoux vient dans une jolie poche en organza bien prot\u00e9g\u00e9 \ud83d\udc4c<\/p>\n<p>\u26a0\ufe0f Les cr\u00e9ations artisanales sont fragiles et doivent \u00eatre manipul\u00e9es avec\u00a0beaucoup de soin.<\/p>\n","protected":false},"excerpt":{"rendered":"<p>Une touche de satin doux et brillant avec YARA Tr\u00e8s jolie paire crochet\u00e9e avec des rubans de satin en satin disponible en deux coloris ( Turquois et bleu royal ). C&rsquo;est l&rsquo;alliance parfaite entre un look tropical ou une soir\u00e9e en bord de la mer. et pour compl\u00e9ter l&rsquo;ensemble vous trouverez en boutique le ras [&hellip;]<\/p>\n","protected":false},"featured_media":5757,"comment_status":"open","ping_status":"closed","template":"","meta":{"site-sidebar-layout":"default","site-content-layout":"","ast-site-content-layout":"default","site-content-style":"default","site-sidebar-style":"default","ast-global-header-display":"","ast-banner-title-visibility":"","ast-main-header-display":"","ast-hfb-above-header-display":"","ast-hfb-below-header-display":"","ast-hfb-mobile-header-display":"","site-post-title":"","ast-breadcrumbs-content":"","ast-featured-img":"","footer-sml-layout":"","theme-transparent-header-meta":"default","adv-header-id-meta":"","stick-header-meta":"","header-above-stick-meta":"","header-main-stick-meta":"","header-below-stick-meta":"","astra-migrate-meta-layouts":"set","ast-page-background-enabled":"default","ast-page-background-meta":{"desktop":{"background-color":"","background-image":"","background-repeat":"repeat","background-position":"center center","background-size":"auto","background-attachment":"scroll","background-type":"","background-media":"","overlay-type":"","overlay-color":"","overlay-opacity":"","overlay-gradient":""},"tablet":{"background-color":"","background-image":"","background-repeat":"repeat","background-position":"center center","background-size":"auto","background-attachment":"scroll","background-type":"","background-media":"","overlay-type":"","overlay-color":"","overlay-opacity":"","overlay-gradient":""},"mobile":{"background-color":"","background-image":"","background-repeat":"repeat","background-position":"center center","background-size":"auto","background-attachment":"scroll","background-type":"","background-media":"","overlay-type":"","overlay-color":"","overlay-opacity":"","overlay-gradient":""}},"ast-content-background-meta":{"desktop":{"background-color":"var(--ast-global-color-5)","background-image":"","background-repeat":"repeat","background-position":"center center","background-size":"auto","background-attachment":"scroll","background-type":"","background-media":"","overlay-type":"","overlay-color":"","overlay-opacity":"","overlay-gradient":""},"tablet":{"background-color":"var(--ast-global-color-5)","background-image":"","background-repeat":"repeat","background-position":"center center","background-size":"auto","background-attachment":"scroll","background-type":"","background-media":"","overlay-type":"","overlay-color":"","overlay-opacity":"","overlay-gradient":""},"mobile":{"background-color":"var(--ast-global-color-5)","background-image":"","background-repeat":"repeat","background-position":"center center","background-size":"auto","background-attachment":"scroll","background-type":"","background-media":"","overlay-type":"","overlay-color":"","overlay-opacity":"","overlay-gradient":""}}},"product_brand":[],"product_cat":[276],"product_tag":[233,234,235,182,198,199,236,237,200,238,239,240,241],"class_list":{"0":"post-5758","1":"product","2":"type-product","3":"status-publish","4":"has-post-thumbnail","6":"product_cat-boucles-doreilles","7":"product_tag-bijou_au_crochet","8":"product_tag-bijou_bleu_royal","9":"product_tag-bijou_boheme","10":"product_tag-bijou_original","11":"product_tag-boucle_doreille_crochetee","12":"product_tag-boucle_doreille_fait_main","13":"product_tag-boucle_doreille_ronde","14":"product_tag-boucle_doreille_tropical","15":"product_tag-boucles_personnalisees","16":"product_tag-cadeau_anniversaire","17":"product_tag-creole_en_ruban_de_satin","18":"product_tag-creole_style_hippie","19":"product_tag-original_creations","20":"desktop-align-center","21":"tablet-align-left","22":"mobile-align-left","24":"first","25":"instock","26":"sale","27":"shipping-taxable","28":"purchasable","29":"product-type-variable"},"jetpack_sharing_enabled":true,"_links":{"self":[{"href":"https:\/\/rababcreation.com\/index.php\/wp-json\/wp\/v2\/product\/5758","targetHints":{"allow":["GET"]}}],"collection":[{"href":"https:\/\/rababcreation.com\/index.php\/wp-json\/wp\/v2\/product"}],"about":[{"href":"https:\/\/rababcreation.com\/index.php\/wp-json\/wp\/v2\/types\/product"}],"replies":[{"embeddable":true,"href":"https:\/\/rababcreation.com\/index.php\/wp-json\/wp\/v2\/comments?post=5758"}],"version-history":[{"count":3,"href":"https:\/\/rababcreation.com\/index.php\/wp-json\/wp\/v2\/product\/5758\/revisions"}],"predecessor-version":[{"id":7661,"href":"https:\/\/rababcreation.com\/index.php\/wp-json\/wp\/v2\/product\/5758\/revisions\/7661"}],"wp:featuredmedia":[{"embeddable":true,"href":"https:\/\/rababcreation.com\/index.php\/wp-json\/wp\/v2\/media\/5757"}],"wp:attachment":[{"href":"https:\/\/rababcreation.com\/index.php\/wp-json\/wp\/v2\/media?parent=5758"}],"wp:term":[{"taxonomy":"product_brand","embeddable":true,"href":"https:\/\/rababcreation.com\/index.php\/wp-json\/wp\/v2\/product_brand?post=5758"},{"taxonomy":"product_cat","embeddable":true,"href":"https:\/\/rababcreation.com\/index.php\/wp-json\/wp\/v2\/product_cat?post=5758"},{"taxonomy":"product_tag","embeddable":true,"href":"https:\/\/rababcreation.com\/index.php\/wp-json\/wp\/v2\/product_tag?post=5758"}],"curies":[{"name":"wp","href":"https:\/\/api.w.org\/{rel}","templated":true}]}}