{"id":5792,"date":"2023-08-22T21:57:24","date_gmt":"2023-08-22T19:57:24","guid":{"rendered":"https:\/\/rababcreation.com\/index.php\/produit\/ayla-boucles-doreilles-biscuit\/"},"modified":"2025-01-29T21:49:56","modified_gmt":"2025-01-29T20:49:56","slug":"ayla-boucles-doreilles-biscuit","status":"publish","type":"product","link":"https:\/\/rababcreation.com\/index.php\/produit\/ayla-boucles-doreilles-biscuit\/","title":{"rendered":"AYLA| Boucles d&rsquo;oreilles biscuit"},"content":{"rendered":"<p>Il n&rsquo;y a rien de tel qu&rsquo;un biscuit pour rendre votre journ\u00e9e meilleure ! C&rsquo;est pourquoi j&rsquo;ai d\u00e9cid\u00e9 de vous confectionner ces jolies boucles d&rsquo;oreilles nomm\u00e9es <strong>AYLA<\/strong>.<\/p>\n<p>Crochet\u00e9es \u00e0 la main avec du fil 100% coton, elles donneront une touche de couleur et de gourmandise \u00e0 vos tenues d&rsquo;\u00e9t\u00e9. Ces d\u00e9licats biscuits ont l&rsquo;air si r\u00e9els que l&rsquo;on pourrait presque les sentir !<\/p>\n<p>Le bijou est livr\u00e9 dans une jolie pochette en organza bien prot\u00e9g\u00e9e \ud83d\udc4c<\/p>\n<p>\u26a0\ufe0f Les cr\u00e9ations artisanales sont fragiles et doivent \u00eatre manipul\u00e9es avec\u00a0beaucoup de soin.<\/p>\n","protected":false},"excerpt":{"rendered":"<p>Il n&rsquo;y a rien de tel qu&rsquo;un biscuit pour rendre votre journ\u00e9e meilleure ! C&rsquo;est pourquoi j&rsquo;ai d\u00e9cid\u00e9 de vous confectionner ces jolies boucles d&rsquo;oreilles nomm\u00e9es AYLA. Crochet\u00e9es \u00e0 la main avec du fil 100% coton, elles donneront une touche de couleur et de gourmandise \u00e0 vos tenues d&rsquo;\u00e9t\u00e9. Ces d\u00e9licats biscuits ont l&rsquo;air si [&hellip;]<\/p>\n","protected":false},"featured_media":4815,"comment_status":"open","ping_status":"closed","template":"","meta":{"site-sidebar-layout":"default","site-content-layout":"","ast-site-content-layout":"default","site-content-style":"default","site-sidebar-style":"default","ast-global-header-display":"","ast-banner-title-visibility":"","ast-main-header-display":"","ast-hfb-above-header-display":"","ast-hfb-below-header-display":"","ast-hfb-mobile-header-display":"","site-post-title":"","ast-breadcrumbs-content":"","ast-featured-img":"","footer-sml-layout":"","theme-transparent-header-meta":"default","adv-header-id-meta":"","stick-header-meta":"","header-above-stick-meta":"","header-main-stick-meta":"","header-below-stick-meta":"","astra-migrate-meta-layouts":"set","ast-page-background-enabled":"default","ast-page-background-meta":{"desktop":{"background-color":"","background-image":"","background-repeat":"repeat","background-position":"center center","background-size":"auto","background-attachment":"scroll","background-type":"","background-media":"","overlay-type":"","overlay-color":"","overlay-opacity":"","overlay-gradient":""},"tablet":{"background-color":"","background-image":"","background-repeat":"repeat","background-position":"center center","background-size":"auto","background-attachment":"scroll","background-type":"","background-media":"","overlay-type":"","overlay-color":"","overlay-opacity":"","overlay-gradient":""},"mobile":{"background-color":"","background-image":"","background-repeat":"repeat","background-position":"center center","background-size":"auto","background-attachment":"scroll","background-type":"","background-media":"","overlay-type":"","overlay-color":"","overlay-opacity":"","overlay-gradient":""}},"ast-content-background-meta":{"desktop":{"background-color":"var(--ast-global-color-5)","background-image":"","background-repeat":"repeat","background-position":"center center","background-size":"auto","background-attachment":"scroll","background-type":"","background-media":"","overlay-type":"","overlay-color":"","overlay-opacity":"","overlay-gradient":""},"tablet":{"background-color":"var(--ast-global-color-5)","background-image":"","background-repeat":"repeat","background-position":"center center","background-size":"auto","background-attachment":"scroll","background-type":"","background-media":"","overlay-type":"","overlay-color":"","overlay-opacity":"","overlay-gradient":""},"mobile":{"background-color":"var(--ast-global-color-5)","background-image":"","background-repeat":"repeat","background-position":"center center","background-size":"auto","background-attachment":"scroll","background-type":"","background-media":"","overlay-type":"","overlay-color":"","overlay-opacity":"","overlay-gradient":""}}},"product_brand":[],"product_cat":[276],"product_tag":[249,242,180,250,251,252,119,253,254,186,255,256,80],"class_list":{"0":"post-5792","1":"product","2":"type-product","3":"status-publish","4":"has-post-thumbnail","6":"product_cat-boucles-doreilles","7":"product_tag-accessoires_biscuits","8":"product_tag-bijou_colore","9":"product_tag-bijou_en_coton","10":"product_tag-bijoux_mignon","11":"product_tag-biscuits","12":"product_tag-boucle_doreille_ete","13":"product_tag-boucle_doreilles_au_crochet","14":"product_tag-couleur_pastel","15":"product_tag-gourmandise","16":"product_tag-idee_cadeau","17":"product_tag-oreo","18":"product_tag-patisserie","19":"product_tag-rababcreation","20":"desktop-align-center","21":"tablet-align-left","22":"mobile-align-left","24":"first","25":"instock","26":"purchasable","27":"product-type-variable"},"jetpack_sharing_enabled":true,"_links":{"self":[{"href":"https:\/\/rababcreation.com\/index.php\/wp-json\/wp\/v2\/product\/5792","targetHints":{"allow":["GET"]}}],"collection":[{"href":"https:\/\/rababcreation.com\/index.php\/wp-json\/wp\/v2\/product"}],"about":[{"href":"https:\/\/rababcreation.com\/index.php\/wp-json\/wp\/v2\/types\/product"}],"replies":[{"embeddable":true,"href":"https:\/\/rababcreation.com\/index.php\/wp-json\/wp\/v2\/comments?post=5792"}],"version-history":[{"count":1,"href":"https:\/\/rababcreation.com\/index.php\/wp-json\/wp\/v2\/product\/5792\/revisions"}],"predecessor-version":[{"id":5874,"href":"https:\/\/rababcreation.com\/index.php\/wp-json\/wp\/v2\/product\/5792\/revisions\/5874"}],"wp:featuredmedia":[{"embeddable":true,"href":"https:\/\/rababcreation.com\/index.php\/wp-json\/wp\/v2\/media\/4815"}],"wp:attachment":[{"href":"https:\/\/rababcreation.com\/index.php\/wp-json\/wp\/v2\/media?parent=5792"}],"wp:term":[{"taxonomy":"product_brand","embeddable":true,"href":"https:\/\/rababcreation.com\/index.php\/wp-json\/wp\/v2\/product_brand?post=5792"},{"taxonomy":"product_cat","embeddable":true,"href":"https:\/\/rababcreation.com\/index.php\/wp-json\/wp\/v2\/product_cat?post=5792"},{"taxonomy":"product_tag","embeddable":true,"href":"https:\/\/rababcreation.com\/index.php\/wp-json\/wp\/v2\/product_tag?post=5792"}],"curies":[{"name":"wp","href":"https:\/\/api.w.org\/{rel}","templated":true}]}}