{"id":5823,"date":"2023-08-22T21:57:47","date_gmt":"2023-08-22T19:57:47","guid":{"rendered":"https:\/\/rababcreation.com\/index.php\/produit\/kay-boucles-doreilles-mini-cactus-en-pot-rouge\/"},"modified":"2025-01-29T21:54:33","modified_gmt":"2025-01-29T20:54:33","slug":"kay-boucles-doreilles-mini-cactus-en-pot-rouge","status":"publish","type":"product","link":"https:\/\/rababcreation.com\/index.php\/produit\/kay-boucles-doreilles-mini-cactus-en-pot-rouge\/","title":{"rendered":"KAY | Boucles d&rsquo;oreilles mini cactus"},"content":{"rendered":"<h3 style=\"margin: 0px 0px 1em; line-height: 1.4; color: #212b36; font-family: -apple-system, BlinkMacSystemFont, 'San Francisco', 'Segoe UI', Roboto, 'Helvetica Neue', sans-serif;\" data-pm-slice=\"1 1 []\">Boucle d&rsquo;oreilles\u00a0<strong>mini cactus en pot rouge<\/strong>\u00a0nomm\u00e9e\u00a0<strong>KAY<\/strong>\u00a0\ud83c\udf35<\/h3>\n<p style=\"margin: 0px 0px 1em; line-height: 1.4; color: #212b36; font-family: -apple-system, BlinkMacSystemFont, 'San Francisco', 'Segoe UI', Roboto, 'Helvetica Neue', sans-serif; font-size: 14px; font-weight: 400;\">Tr\u00e8s jolie bijou en forme de cactus\u00a0dans un pot rouge m\u00e9ga\u00a0<strong>mignon<\/strong>\u00a0crochet\u00e9s<strong>\u00a0\u00e0 la main<\/strong>\u00a0et avec un fil 100% coton.<\/p>\n<p style=\"margin: 0px 0px 1em; line-height: 1.4; color: #212b36; font-family: -apple-system, BlinkMacSystemFont, 'San Francisco', 'Segoe UI', Roboto, 'Helvetica Neue', sans-serif; font-size: 14px; font-weight: 400;\">Elles conviennent avec tous type de tenue, casual \/\u00a0<strong>original<\/strong> ou vintage et de plus elles donneront une touche de couleur \u00e0 votre look.<\/p>\n<h3 class=\"product-facts-title\" style=\"margin: 0px 0px 1em; line-height: 1.4; color: #212b36; font-family: -apple-system, BlinkMacSystemFont, 'San Francisco', 'Segoe UI', Roboto, 'Helvetica Neue', sans-serif;\">\u00c0 propos de cet article :<\/h3>\n<ul class=\"a-unordered-list a-vertical a-spacing-small\" style=\"color: #212b36; font-family: -apple-system, BlinkMacSystemFont, 'San Francisco', 'Segoe UI', Roboto, 'Helvetica Neue', sans-serif; font-size: 14px; font-weight: 400;\">\n<li><span class=\"a-list-item a-size-base a-color-secondary\"><span style=\"text-decoration-line: underline;\">Mat\u00e9riaux :<\/span> Les mini cactus sont fabriqu\u00e9es en mat\u00e9riaux respectueux \u00e0 l&rsquo;environnement dans la mesure o\u00f9 elles contiennent uniquement un crochet en <strong>acier inoxydable<\/strong> et un fils <strong>en coton <\/strong>comme mat\u00e9rieux .<\/span><\/li>\n<\/ul>\n<ul class=\"a-unordered-list a-vertical a-spacing-small\" style=\"color: #212b36; font-family: -apple-system, BlinkMacSystemFont, 'San Francisco', 'Segoe UI', Roboto, 'Helvetica Neue', sans-serif; font-size: 14px; font-weight: 400;\">\n<li><span class=\"a-list-item a-size-base a-color-secondary\"><span style=\"text-decoration-line: underline;\">Crochet d&rsquo;oreille\u00a0:<\/span>\u00a0nous proposons des crochets d&rsquo;oreilles en<strong>\u00a0acier inoxydable<\/strong>\u00a0et de qualit\u00e9 sup\u00e9rieure.<\/span><\/li>\n<\/ul>\n<ul class=\"a-unordered-list a-vertical a-spacing-small\" style=\"color: #212b36; font-family: -apple-system, BlinkMacSystemFont, 'San Francisco', 'Segoe UI', Roboto, 'Helvetica Neue', sans-serif; font-size: 14px; font-weight: 400;\">\n<li><span class=\"a-list-item a-size-base a-color-secondary\"><span style=\"text-decoration-line: underline;\">Taille :<\/span> En ce qui concerne la taille, les boucles d\u2019oreilles font<strong>\u00a03.5 cm<\/strong> de largeur et de hauteur. Elles sont l\u00e9g\u00e8res de fa\u00e7on \u00e0 ce qu&rsquo;elle ne p\u00e8sent pas sur les oreilles.<\/span><\/li>\n<li><span class=\"a-list-item a-size-base a-color-secondary\"><span style=\"text-decoration-line: underline;\">Cadeau :<\/span> le bijou est une superbe id\u00e9e de cadeau pour un anniversaire ou no\u00ebl ou juste pour ce faire plaisir !<\/span><\/li>\n<\/ul>\n<h3 style=\"margin: 0px 0px 1em; line-height: 1.4; color: #212b36; font-family: -apple-system, BlinkMacSystemFont, 'San Francisco', 'Segoe UI', Roboto, 'Helvetica Neue', sans-serif;\"><span class=\"a-list-item a-size-base a-color-secondary\">Conseils d&rsquo;utilisations :<\/span><\/h3>\n<p style=\"margin: 0px 0px 1em; line-height: 1.4; color: #212b36; font-family: -apple-system, BlinkMacSystemFont, 'San Francisco', 'Segoe UI', Roboto, 'Helvetica Neue', sans-serif; font-size: 14px; font-weight: 400;\"><span class=\"a-list-item a-size-base a-color-secondary\">\u26a0\ufe0f Par ailleurs, l<\/span>es cr\u00e9ations en crochet sont fragiles et doivent \u00eatre manipul\u00e9es avec<strong>\u00a0beaucoup de soin :<\/strong><\/p>\n<ul style=\"color: #212b36; font-family: -apple-system, BlinkMacSystemFont, 'San Francisco', 'Segoe UI', Roboto, 'Helvetica Neue', sans-serif; font-size: 14px; font-weight: 400;\" aria-labelledby=\"alternatives-heading\">\n<li class=\"lmt__translations_as_text__item\">Tenir \u00e0 l&rsquo;\u00e9cart de l&rsquo;eau,<\/li>\n<li class=\"lmt__translations_as_text__item\">ranger s\u00e9par\u00e9ment dans une bo\u00eete \u00e0 bijoux \u00e0 l&rsquo;air libre,<\/li>\n<li class=\"lmt__translations_as_text__item\">\n<p style=\"margin: 0px 0px 1em; line-height: 1.4;\">Les boucles viendront dans une jolie\u00a0<strong>pochette en organza<\/strong>\u00a0bien prot\u00e9g\u00e9es \ud83d\udc4c<\/p>\n<\/li>\n<\/ul>\n<h3 style=\"margin: 0px 0px 1em; line-height: 1.4; color: #212b36; font-family: -apple-system, BlinkMacSystemFont, 'San Francisco', 'Segoe UI', Roboto, 'Helvetica Neue', sans-serif;\">\u00c0 savoir \u00e9galement :<\/h3>\n<div class=\"a-fixed-left-grid product-facts-detail\" style=\"color: #212b36; font-family: -apple-system, BlinkMacSystemFont, 'San Francisco', 'Segoe UI', Roboto, 'Helvetica Neue', sans-serif; font-size: 14px; font-weight: 400;\">\n<div class=\"a-fixed-left-grid-inner\">\n<div class=\"a-fixed-left-grid-col a-col-left\">\n<ul>\n<li><span class=\"a-color-base a-text-bold\"><span style=\"text-decoration-line: underline;\">Pays d&rsquo;origine :<\/span>\u00a0<\/span><span class=\"a-color-secondary\">France<\/span><\/li>\n<li><span class=\"a-color-secondary\"><span style=\"text-decoration-line: underline;\">Fait main :<\/span>\u00a0Oui<\/span><\/li>\n<li><span class=\"a-color-secondary\"><span style=\"text-decoration-line: underline;\">Personnalisable :<\/span>\u00a0Non<\/span><\/li>\n<\/ul>\n<\/div>\n<\/div>\n<\/div>\n","protected":false},"excerpt":{"rendered":"<p>Boucle d&rsquo;oreilles\u00a0mini cactus en pot rouge\u00a0nomm\u00e9e\u00a0KAY\u00a0\ud83c\udf35 Tr\u00e8s jolie bijou en forme de cactus\u00a0dans un pot rouge m\u00e9ga\u00a0mignon\u00a0crochet\u00e9s\u00a0\u00e0 la main\u00a0et avec un fil 100% coton. Elles conviennent avec tous type de tenue, casual \/\u00a0original ou vintage et de plus elles donneront une touche de couleur \u00e0 votre look. \u00c0 propos de cet article : Mat\u00e9riaux : [&hellip;]<\/p>\n","protected":false},"featured_media":5822,"comment_status":"open","ping_status":"closed","template":"","meta":{"site-sidebar-layout":"default","site-content-layout":"","ast-site-content-layout":"normal-width-container","site-content-style":"default","site-sidebar-style":"default","ast-global-header-display":"","ast-banner-title-visibility":"","ast-main-header-display":"","ast-hfb-above-header-display":"","ast-hfb-below-header-display":"","ast-hfb-mobile-header-display":"","site-post-title":"","ast-breadcrumbs-content":"","ast-featured-img":"","footer-sml-layout":"","theme-transparent-header-meta":"default","adv-header-id-meta":"","stick-header-meta":"","header-above-stick-meta":"","header-main-stick-meta":"","header-below-stick-meta":"","astra-migrate-meta-layouts":"set","ast-page-background-enabled":"default","ast-page-background-meta":{"desktop":{"background-color":"","background-image":"","background-repeat":"repeat","background-position":"center center","background-size":"auto","background-attachment":"scroll","background-type":"","background-media":"","overlay-type":"","overlay-color":"","overlay-opacity":"","overlay-gradient":""},"tablet":{"background-color":"","background-image":"","background-repeat":"repeat","background-position":"center center","background-size":"auto","background-attachment":"scroll","background-type":"","background-media":"","overlay-type":"","overlay-color":"","overlay-opacity":"","overlay-gradient":""},"mobile":{"background-color":"","background-image":"","background-repeat":"repeat","background-position":"center center","background-size":"auto","background-attachment":"scroll","background-type":"","background-media":"","overlay-type":"","overlay-color":"","overlay-opacity":"","overlay-gradient":""}},"ast-content-background-meta":{"desktop":{"background-color":"var(--ast-global-color-5)","background-image":"","background-repeat":"repeat","background-position":"center center","background-size":"auto","background-attachment":"scroll","background-type":"","background-media":"","overlay-type":"","overlay-color":"","overlay-opacity":"","overlay-gradient":""},"tablet":{"background-color":"var(--ast-global-color-5)","background-image":"","background-repeat":"repeat","background-position":"center center","background-size":"auto","background-attachment":"scroll","background-type":"","background-media":"","overlay-type":"","overlay-color":"","overlay-opacity":"","overlay-gradient":""},"mobile":{"background-color":"var(--ast-global-color-5)","background-image":"","background-repeat":"repeat","background-position":"center center","background-size":"auto","background-attachment":"scroll","background-type":"","background-media":"","overlay-type":"","overlay-color":"","overlay-opacity":"","overlay-gradient":""}}},"product_brand":[],"product_cat":[276],"product_tag":[94,233,263,181,264,265,266,267,268,269,270,271,80],"class_list":{"0":"post-5823","1":"product","2":"type-product","3":"status-publish","4":"has-post-thumbnail","6":"product_cat-boucles-doreilles","7":"product_tag-accessoires_mignons","8":"product_tag-bijou_au_crochet","9":"product_tag-bijou_fait_main","10":"product_tag-bijou_naturel","11":"product_tag-boucle_doreille_cactus","12":"product_tag-cactus_en_pot","13":"product_tag-cactus_fleuri","14":"product_tag-fleuri","15":"product_tag-flowery","16":"product_tag-handmade_cactus","17":"product_tag-mini_cactus_en_pot","18":"product_tag-potted_cactus","19":"product_tag-rababcreation","20":"desktop-align-center","21":"tablet-align-left","22":"mobile-align-left","24":"first","25":"instock","26":"sale","27":"purchasable","28":"product-type-simple"},"jetpack_sharing_enabled":true,"_links":{"self":[{"href":"https:\/\/rababcreation.com\/index.php\/wp-json\/wp\/v2\/product\/5823","targetHints":{"allow":["GET"]}}],"collection":[{"href":"https:\/\/rababcreation.com\/index.php\/wp-json\/wp\/v2\/product"}],"about":[{"href":"https:\/\/rababcreation.com\/index.php\/wp-json\/wp\/v2\/types\/product"}],"replies":[{"embeddable":true,"href":"https:\/\/rababcreation.com\/index.php\/wp-json\/wp\/v2\/comments?post=5823"}],"version-history":[{"count":2,"href":"https:\/\/rababcreation.com\/index.php\/wp-json\/wp\/v2\/product\/5823\/revisions"}],"predecessor-version":[{"id":6858,"href":"https:\/\/rababcreation.com\/index.php\/wp-json\/wp\/v2\/product\/5823\/revisions\/6858"}],"wp:featuredmedia":[{"embeddable":true,"href":"https:\/\/rababcreation.com\/index.php\/wp-json\/wp\/v2\/media\/5822"}],"wp:attachment":[{"href":"https:\/\/rababcreation.com\/index.php\/wp-json\/wp\/v2\/media?parent=5823"}],"wp:term":[{"taxonomy":"product_brand","embeddable":true,"href":"https:\/\/rababcreation.com\/index.php\/wp-json\/wp\/v2\/product_brand?post=5823"},{"taxonomy":"product_cat","embeddable":true,"href":"https:\/\/rababcreation.com\/index.php\/wp-json\/wp\/v2\/product_cat?post=5823"},{"taxonomy":"product_tag","embeddable":true,"href":"https:\/\/rababcreation.com\/index.php\/wp-json\/wp\/v2\/product_tag?post=5823"}],"curies":[{"name":"wp","href":"https:\/\/api.w.org\/{rel}","templated":true}]}}