{"id":8455,"date":"2025-05-28T18:12:30","date_gmt":"2025-05-28T16:12:30","guid":{"rendered":"https:\/\/rababcreation.com\/?post_type=product&#038;p=8455"},"modified":"2025-05-28T18:17:20","modified_gmt":"2025-05-28T16:17:20","slug":"mini-onigiri","status":"publish","type":"product","link":"https:\/\/rababcreation.com\/index.php\/produit\/mini-onigiri\/","title":{"rendered":"Oni| Porte cl\u00e9s onigiri kawaii au crochet \ud83c\udf59"},"content":{"rendered":"<h3 data-pm-slice=\"1 1 []\" data-sanitized-data-pm-slice=\"1 1 []\" data-sanitized-data-mce-fragment=\"1\" style=\"text-align:left\">\u2728 Porte cl\u00e9 kawaii onigiri nomm\u00e9 Oni \ud83c\udf59 \ud83e\ude77<br \/>\n<\/h3>\n<p>Porte cl\u00e9 en forme de petit onigiri adorable et m\u00e9ga mignon crochet\u00e9 \u00e0 la main et avec un fil 100% coton.<\/p>\n<p><strong>\u00c0 propos de cet article :<\/strong><\/p>\n<p><strong>Mat\u00e9riaux<\/strong> : Oni est fabriqu\u00e9 en mat\u00e9riaux respectueux \u00e0 l&rsquo;environnement dans la mesure o\u00f9 elles contiennent uniquement un fil en coton et des yeux en plastique comme mat\u00e9rieux .<\/p>\n<p><strong>Taille<\/strong> : En ce qui concerne la taille, il fait 7cm de largeur et 6cm de longueur<\/p>\n<p><strong>Cadeau<\/strong> : le porte cl\u00e9 personnalis\u00e9 est une superbe id\u00e9e de cadeau pour un anniversaire ou no\u00ebl ou juste pour ce faire plaisir !<\/p>\n<p><strong>Conseils d&rsquo;utilisations :<\/strong><\/p>\n<p>\u26a0\ufe0f Par ailleurs, les cr\u00e9ations en crochet sont fragiles et doivent \u00eatre manipul\u00e9es avec beaucoup de soin :<\/p>\n<p>Tenir \u00e0 l&rsquo;\u00e9cart de l&rsquo;eau<\/p>\n<p><strong>\u00c0 savoir \u00e9galement :<\/strong><\/p>\n<ul>\n<li>Pays d&rsquo;origine : France<\/li>\n<li>Fait main : Oui<\/li>\n<li>Personnalisable : Non<\/li>\n<\/ul>\n","protected":false},"excerpt":{"rendered":"<p>\u2728 Porte cl\u00e9 kawaii onigiri nomm\u00e9 Oni \ud83c\udf59 \ud83e\ude77 Porte cl\u00e9 en forme de petit onigiri adorable et m\u00e9ga mignon crochet\u00e9 \u00e0 la main et avec un fil 100% coton. \u00c0 propos de cet article : Mat\u00e9riaux : Oni est fabriqu\u00e9 en mat\u00e9riaux respectueux \u00e0 l&rsquo;environnement dans la mesure o\u00f9 elles contiennent uniquement un fil [&hellip;]<\/p>\n","protected":false},"featured_media":8456,"comment_status":"open","ping_status":"closed","template":"","meta":{"site-sidebar-layout":"default","site-content-layout":"","ast-site-content-layout":"","site-content-style":"default","site-sidebar-style":"default","ast-global-header-display":"","ast-banner-title-visibility":"","ast-main-header-display":"","ast-hfb-above-header-display":"","ast-hfb-below-header-display":"","ast-hfb-mobile-header-display":"","site-post-title":"","ast-breadcrumbs-content":"","ast-featured-img":"","footer-sml-layout":"","theme-transparent-header-meta":"","adv-header-id-meta":"","stick-header-meta":"","header-above-stick-meta":"","header-main-stick-meta":"","header-below-stick-meta":"","astra-migrate-meta-layouts":"default","ast-page-background-enabled":"default","ast-page-background-meta":{"desktop":{"background-color":"","background-image":"","background-repeat":"repeat","background-position":"center center","background-size":"auto","background-attachment":"scroll","background-type":"","background-media":"","overlay-type":"","overlay-color":"","overlay-opacity":"","overlay-gradient":""},"tablet":{"background-color":"","background-image":"","background-repeat":"repeat","background-position":"center center","background-size":"auto","background-attachment":"scroll","background-type":"","background-media":"","overlay-type":"","overlay-color":"","overlay-opacity":"","overlay-gradient":""},"mobile":{"background-color":"","background-image":"","background-repeat":"repeat","background-position":"center center","background-size":"auto","background-attachment":"scroll","background-type":"","background-media":"","overlay-type":"","overlay-color":"","overlay-opacity":"","overlay-gradient":""}},"ast-content-background-meta":{"desktop":{"background-color":"var(--ast-global-color-5)","background-image":"","background-repeat":"repeat","background-position":"center center","background-size":"auto","background-attachment":"scroll","background-type":"","background-media":"","overlay-type":"","overlay-color":"","overlay-opacity":"","overlay-gradient":""},"tablet":{"background-color":"var(--ast-global-color-5)","background-image":"","background-repeat":"repeat","background-position":"center center","background-size":"auto","background-attachment":"scroll","background-type":"","background-media":"","overlay-type":"","overlay-color":"","overlay-opacity":"","overlay-gradient":""},"mobile":{"background-color":"var(--ast-global-color-5)","background-image":"","background-repeat":"repeat","background-position":"center center","background-size":"auto","background-attachment":"scroll","background-type":"","background-media":"","overlay-type":"","overlay-color":"","overlay-opacity":"","overlay-gradient":""}}},"product_brand":[],"product_cat":[277],"product_tag":[],"class_list":{"0":"post-8455","1":"product","2":"type-product","3":"status-publish","4":"has-post-thumbnail","6":"product_cat-bag-charms","7":"desktop-align-center","8":"tablet-align-left","9":"mobile-align-left","11":"first","12":"instock","13":"featured","14":"purchasable","15":"product-type-simple"},"jetpack_sharing_enabled":true,"_links":{"self":[{"href":"https:\/\/rababcreation.com\/index.php\/wp-json\/wp\/v2\/product\/8455","targetHints":{"allow":["GET"]}}],"collection":[{"href":"https:\/\/rababcreation.com\/index.php\/wp-json\/wp\/v2\/product"}],"about":[{"href":"https:\/\/rababcreation.com\/index.php\/wp-json\/wp\/v2\/types\/product"}],"replies":[{"embeddable":true,"href":"https:\/\/rababcreation.com\/index.php\/wp-json\/wp\/v2\/comments?post=8455"}],"version-history":[{"count":1,"href":"https:\/\/rababcreation.com\/index.php\/wp-json\/wp\/v2\/product\/8455\/revisions"}],"predecessor-version":[{"id":8459,"href":"https:\/\/rababcreation.com\/index.php\/wp-json\/wp\/v2\/product\/8455\/revisions\/8459"}],"wp:featuredmedia":[{"embeddable":true,"href":"https:\/\/rababcreation.com\/index.php\/wp-json\/wp\/v2\/media\/8456"}],"wp:attachment":[{"href":"https:\/\/rababcreation.com\/index.php\/wp-json\/wp\/v2\/media?parent=8455"}],"wp:term":[{"taxonomy":"product_brand","embeddable":true,"href":"https:\/\/rababcreation.com\/index.php\/wp-json\/wp\/v2\/product_brand?post=8455"},{"taxonomy":"product_cat","embeddable":true,"href":"https:\/\/rababcreation.com\/index.php\/wp-json\/wp\/v2\/product_cat?post=8455"},{"taxonomy":"product_tag","embeddable":true,"href":"https:\/\/rababcreation.com\/index.php\/wp-json\/wp\/v2\/product_tag?post=8455"}],"curies":[{"name":"wp","href":"https:\/\/api.w.org\/{rel}","templated":true}]}}